{"id":15,"date":"2015-02-24T15:29:18","date_gmt":"2015-02-24T15:29:18","guid":{"rendered":"http:\/\/www.claldy.com.uy\/?page_id=15"},"modified":"2025-09-01T13:43:22","modified_gmt":"2025-09-01T13:43:22","slug":"home","status":"publish","type":"page","link":"https:\/\/www.claldy.com.uy\/es\/","title":{"rendered":"Home"},"content":{"rendered":"<div class=\"wpb-content-wrapper\"><p>[vc_row][vc_column][vc_column_text css_animation=\u00bbappear\u00bb]<\/p>\n<h1 style=\"text-align: center; font-size: 40px; font-weight: 300; font-family: Rambla;\">Nuevos productos<\/h1>\n<hr class=\"divider break\" style=\"background: #a2b816;\" \/>\n<p>[\/vc_column_text][\/vc_column][\/vc_row][vc_row][vc_column width=\u00bb1\/4&#8243;]<div class=\"banner  align-center valign-bottom cursor-pointer banner-font- hover-zoom\" onclick=\"window.location='https:\/\/www.claldy.com.uy\/es\/prod\/be-free\/be-free-frasco\/'\"><div class=\"banner-content\"><div class=\"banner-inner\"><\/div><\/div><img decoding=\"async\" src=\"https:\/\/www.claldy.com.uy\/sitio\/wp-content\/uploads\/2023\/02\/deslact_home-copia-270x401.jpg\" alt=\"\"\/><\/div>[\/vc_column][vc_column width=\u00bb1\/4&#8243;]<div class=\"banner  align-center valign-bottom banner-font- hover-zoom\" ><div class=\"banner-content\"><div class=\"banner-inner\"><\/div><\/div><img decoding=\"async\" src=\"https:\/\/www.claldy.com.uy\/sitio\/wp-content\/uploads\/2021\/04\/postres_salsas-270x401.jpg\" alt=\"\"\/><\/div>[\/vc_column][vc_column width=\u00bb1\/4&#8243;]<div class=\"banner  align-center valign-bottom banner-font- hover-zoom\" ><div class=\"banner-content\"><div class=\"banner-inner\"><\/div><\/div><img decoding=\"async\" src=\"https:\/\/www.claldy.com.uy\/sitio\/wp-content\/uploads\/2021\/04\/provolone_home-270x401.jpg\" alt=\"\"\/><\/div>[\/vc_column][vc_column width=\u00bb1\/4&#8243;]<div class=\"banner  align-center valign-bottom cursor-pointer banner-font- hover-zoom\" onclick=\"window.location='http:\/\/www.claldy.com.uy\/es\/prod\/tapas-y-empanadas\/'\"><div class=\"banner-content\"><div class=\"banner-inner\"><\/div><\/div><img decoding=\"async\" src=\"https:\/\/www.claldy.com.uy\/sitio\/wp-content\/uploads\/2021\/04\/dll_home-270x401.jpg\" alt=\"\"\/><\/div>[\/vc_column][\/vc_row][vc_row bg_type=\u00bbimage\u00bb parallax_style=\u00bbvcpb-animated\u00bb bg_image_new=\u00bb22268&#8243; bg_image_size=\u00bbcontain\u00bb bg_img_attach=\u00bbscroll\u00bb parallax_sense=\u00bb30&#8243; animation_direction=\u00bbleft-animation\u00bb animation_repeat=\u00bbrepeat\u00bb bg_override=\u00bbfull\u00bb disable_on_mobile_img_parallax=\u00bbdisable_on_mobile_img_parallax_value\u00bb parallax_content=\u00bboff\u00bb][vc_column width=\u00bb1\/4&#8243;]<div class=\"banner  align-center valign-middle cursor-pointer banner-font- hover-fade\" onclick=\"window.location='http:\/\/www.claldy.com.uy\/exportaciones\/'\"><div class=\"banner-content\"><div class=\"banner-inner\"><\/div><\/div><img decoding=\"async\" src=\"https:\/\/www.claldy.com.uy\/sitio\/wp-content\/uploads\/2015\/02\/cont.png\" alt=\"\"\/><\/div>[\/vc_column][vc_column width=\u00bb3\/4&#8243;][vc_custom_heading text=\u00bbConozca nuestros productos de exportaci\u00f3n\u00bb font_container=\u00bbtag:h3|font_size:30|text_align:left|color:%23ffffff|line_height:8&#8243; google_fonts=\u00bbfont_family:Roboto%20Condensed%3A300%2C300italic%2Cregular%2Citalic%2C700%2C700italic|font_style:400%20regular%3A400%3Anormal\u00bb][\/vc_column][\/vc_row][vc_row full_width=\u00bbstretch_row_content_no_spaces\u00bb bg_type=\u00bbno_bg\u00bb][vc_column width=\u00bb1\/2&#8243;][vc_column_text]<iframe loading=\"lazy\" style=\"border: none; overflow: hidden; width: 640px; height: 395px;\" src=\"\/\/www.facebook.com\/plugins\/likebox.php?href=https%3A%2F%2Fwww.facebook.com%2Fclaldy&amp;width=556&amp;height=395&amp;colorscheme=light&amp;show_faces=false&amp;header=false&amp;stream=true&amp;show_border=true&amp;appId=307870376031978\" width=\"300\" height=\"150\" frameborder=\"0\" scrolling=\"no\"><\/iframe>[\/vc_column_text][\/vc_column][vc_column width=\u00bb1\/2&#8243;][\/vc_column][\/vc_row]<\/p>\n<\/div>","protected":false},"excerpt":{"rendered":"<p>[vc_row][vc_column][vc_column_text css_animation=\u00bbappear\u00bb] Nuevos productos [\/vc_column_text][\/vc_column][\/vc_row][vc_row][vc_column width=\u00bb1\/4&#8243;][\/vc_column][vc_column width=\u00bb1\/4&#8243;][\/vc_column][vc_column width=\u00bb1\/4&#8243;][\/vc_column][vc_column width=\u00bb1\/4&#8243;][\/vc_column][\/vc_row][vc_row bg_type=\u00bbimage\u00bb parallax_style=\u00bbvcpb-animated\u00bb bg_image_new=\u00bb22268&#8243; bg_image_size=\u00bbcontain\u00bb bg_img_attach=\u00bbscroll\u00bb parallax_sense=\u00bb30&#8243;&#8230;<\/p>\n","protected":false},"author":1,"featured_media":0,"parent":0,"menu_order":0,"comment_status":"open","ping_status":"closed","template":"","meta":{"footnotes":""},"class_list":["post-15","page","type-page","status-publish","hentry"],"yoast_head":"<!-- This site is optimized with the Yoast SEO plugin v24.1 - https:\/\/yoast.com\/wordpress\/plugins\/seo\/ -->\n<title>Home - Claldy<\/title>\n<meta name=\"description\" content=\"Empresa de origenes alemanes radicada en la ciudad de Young en el Departamento de Rio Negro, Uruguay\" \/>\n<meta name=\"robots\" content=\"index, follow, max-snippet:-1, max-image-preview:large, max-video-preview:-1\" \/>\n<link rel=\"canonical\" href=\"https:\/\/www.claldy.com.uy\/\" \/>\n<meta property=\"og:locale\" content=\"es_ES\" \/>\n<meta property=\"og:type\" content=\"article\" \/>\n<meta property=\"og:title\" content=\"Home - Claldy\" \/>\n<meta property=\"og:description\" content=\"Empresa de origenes alemanes radicada en la ciudad de Young en el Departamento de Rio Negro, Uruguay\" \/>\n<meta property=\"og:url\" content=\"https:\/\/www.claldy.com.uy\/\" \/>\n<meta property=\"og:site_name\" content=\"Claldy\" \/>\n<meta property=\"article:modified_time\" content=\"2025-09-01T13:43:22+00:00\" \/>\n<meta name=\"twitter:card\" content=\"summary_large_image\" \/>\n<meta name=\"twitter:label1\" content=\"Tiempo de lectura\" \/>\n\t<meta name=\"twitter:data1\" content=\"2 minutos\" \/>\n<script type=\"application\/ld+json\" class=\"yoast-schema-graph\">{\"@context\":\"https:\/\/schema.org\",\"@graph\":[{\"@type\":\"WebPage\",\"@id\":\"https:\/\/www.claldy.com.uy\/\",\"url\":\"https:\/\/www.claldy.com.uy\/\",\"name\":\"Home - Claldy\",\"isPartOf\":{\"@id\":\"https:\/\/www.claldy.com.uy\/es\/#website\"},\"datePublished\":\"2015-02-24T15:29:18+00:00\",\"dateModified\":\"2025-09-01T13:43:22+00:00\",\"description\":\"Empresa de origenes alemanes radicada en la ciudad de Young en el Departamento de Rio Negro, Uruguay\",\"breadcrumb\":{\"@id\":\"https:\/\/www.claldy.com.uy\/#breadcrumb\"},\"inLanguage\":\"es\",\"potentialAction\":[{\"@type\":\"ReadAction\",\"target\":[\"https:\/\/www.claldy.com.uy\/\"]}]},{\"@type\":\"BreadcrumbList\",\"@id\":\"https:\/\/www.claldy.com.uy\/#breadcrumb\",\"itemListElement\":[{\"@type\":\"ListItem\",\"position\":1,\"name\":\"Portada\",\"item\":\"https:\/\/www.claldy.com.uy\/\"},{\"@type\":\"ListItem\",\"position\":2,\"name\":\"Home\"}]},{\"@type\":\"WebSite\",\"@id\":\"https:\/\/www.claldy.com.uy\/es\/#website\",\"url\":\"https:\/\/www.claldy.com.uy\/es\/\",\"name\":\"Claldy\",\"description\":\"Compa\u00f1\u00eda L\u00e1ctea Agropecuaria Lecheros de Young S.A | Uruguay\",\"potentialAction\":[{\"@type\":\"SearchAction\",\"target\":{\"@type\":\"EntryPoint\",\"urlTemplate\":\"https:\/\/www.claldy.com.uy\/es\/?s={search_term_string}\"},\"query-input\":{\"@type\":\"PropertyValueSpecification\",\"valueRequired\":true,\"valueName\":\"search_term_string\"}}],\"inLanguage\":\"es\"}]}<\/script>\n<!-- \/ Yoast SEO plugin. -->","yoast_head_json":{"title":"Home - Claldy","description":"Empresa de origenes alemanes radicada en la ciudad de Young en el Departamento de Rio Negro, Uruguay","robots":{"index":"index","follow":"follow","max-snippet":"max-snippet:-1","max-image-preview":"max-image-preview:large","max-video-preview":"max-video-preview:-1"},"canonical":"https:\/\/www.claldy.com.uy\/","og_locale":"es_ES","og_type":"article","og_title":"Home - Claldy","og_description":"Empresa de origenes alemanes radicada en la ciudad de Young en el Departamento de Rio Negro, Uruguay","og_url":"https:\/\/www.claldy.com.uy\/","og_site_name":"Claldy","article_modified_time":"2025-09-01T13:43:22+00:00","twitter_card":"summary_large_image","twitter_misc":{"Tiempo de lectura":"2 minutos"},"schema":{"@context":"https:\/\/schema.org","@graph":[{"@type":"WebPage","@id":"https:\/\/www.claldy.com.uy\/","url":"https:\/\/www.claldy.com.uy\/","name":"Home - Claldy","isPartOf":{"@id":"https:\/\/www.claldy.com.uy\/es\/#website"},"datePublished":"2015-02-24T15:29:18+00:00","dateModified":"2025-09-01T13:43:22+00:00","description":"Empresa de origenes alemanes radicada en la ciudad de Young en el Departamento de Rio Negro, Uruguay","breadcrumb":{"@id":"https:\/\/www.claldy.com.uy\/#breadcrumb"},"inLanguage":"es","potentialAction":[{"@type":"ReadAction","target":["https:\/\/www.claldy.com.uy\/"]}]},{"@type":"BreadcrumbList","@id":"https:\/\/www.claldy.com.uy\/#breadcrumb","itemListElement":[{"@type":"ListItem","position":1,"name":"Portada","item":"https:\/\/www.claldy.com.uy\/"},{"@type":"ListItem","position":2,"name":"Home"}]},{"@type":"WebSite","@id":"https:\/\/www.claldy.com.uy\/es\/#website","url":"https:\/\/www.claldy.com.uy\/es\/","name":"Claldy","description":"Compa\u00f1\u00eda L\u00e1ctea Agropecuaria Lecheros de Young S.A | Uruguay","potentialAction":[{"@type":"SearchAction","target":{"@type":"EntryPoint","urlTemplate":"https:\/\/www.claldy.com.uy\/es\/?s={search_term_string}"},"query-input":{"@type":"PropertyValueSpecification","valueRequired":true,"valueName":"search_term_string"}}],"inLanguage":"es"}]}},"_links":{"self":[{"href":"https:\/\/www.claldy.com.uy\/es\/wp-json\/wp\/v2\/pages\/15","targetHints":{"allow":["GET"]}}],"collection":[{"href":"https:\/\/www.claldy.com.uy\/es\/wp-json\/wp\/v2\/pages"}],"about":[{"href":"https:\/\/www.claldy.com.uy\/es\/wp-json\/wp\/v2\/types\/page"}],"author":[{"embeddable":true,"href":"https:\/\/www.claldy.com.uy\/es\/wp-json\/wp\/v2\/users\/1"}],"replies":[{"embeddable":true,"href":"https:\/\/www.claldy.com.uy\/es\/wp-json\/wp\/v2\/comments?post=15"}],"version-history":[{"count":134,"href":"https:\/\/www.claldy.com.uy\/es\/wp-json\/wp\/v2\/pages\/15\/revisions"}],"predecessor-version":[{"id":24296,"href":"https:\/\/www.claldy.com.uy\/es\/wp-json\/wp\/v2\/pages\/15\/revisions\/24296"}],"wp:attachment":[{"href":"https:\/\/www.claldy.com.uy\/es\/wp-json\/wp\/v2\/media?parent=15"}],"curies":[{"name":"wp","href":"https:\/\/api.w.org\/{rel}","templated":true}]}}