{"id":19,"date":"2015-02-24T15:29:52","date_gmt":"2015-02-24T15:29:52","guid":{"rendered":"http:\/\/www.claldy.com.uy\/?page_id=19"},"modified":"2024-06-21T14:15:56","modified_gmt":"2024-06-21T14:15:56","slug":"empresa","status":"publish","type":"page","link":"https:\/\/www.claldy.com.uy\/es\/empresa\/","title":{"rendered":"Empresa"},"content":{"rendered":"<div class=\"wpb-content-wrapper\"><p>[vc_row full_width=\u00bbstretch_row\u00bb bg_type=\u00bbno_bg\u00bb css=\u00bb.vc_custom_1424839845230{padding-top: 10px !important;padding-bottom: 10px !important;background-color: #ffffff !important;background-position: center !important;background-repeat: no-repeat !important;background-size: cover !important;}\u00bb][vc_column width=\u00bb1\/2&#8243;][vc_single_image image=\u00bb24031&#8243; img_size=\u00bbfull\u00bb][\/vc_column][vc_column width=\u00bb1\/2&#8243;][vc_custom_heading text=\u00bbCLALDY es una de las principales compa\u00f1\u00edas l\u00e1cteas del Uruguay con 50 a\u00f1os en el mercado local.\u00bb font_container=\u00bbtag:h4|font_size:22|text_align:center|color:%23006940&#8243; google_fonts=\u00bbfont_family:Roboto%20Condensed%3A300%2C300italic%2Cregular%2Citalic%2C700%2C700italic|font_style:700%20bold%20regular%3A700%3Anormal\u00bb][vc_column_text css_animation=\u00bbleft-to-right\u00bb]<\/p>\n<p style=\"text-align: center;\">Su alta calidad le ha permitido exportar a importantes mercados internacionales. CLALDY mantiene un continuo crecimiento con innovaci\u00f3n y desarrollo de nuevos productos los que son muy bien recibidos por la familia uruguaya. CLALDY ha desarrollado un fuerte negocio de exportaci\u00f3n, en particular con queso, manteca, suero y leche en polvo.<\/p>\n<p style=\"text-align: center;\">CLALDY tiene una fuerte tradici\u00f3n que se remonta a sus or\u00edgenes cooperativistas y a la llegada de familias inmigrantes alemanas que desde su comienzo vieron crecer a la compa\u00f1\u00eda hasta transformarse en un importante miembro y exportador de la industria l\u00e1ctea uruguaya.<\/p>\n<p>[vc_row][vc_column width=\u00bb1\/1&#8243;][vc_column_text][\/vc_column_text][\/vc_column][\/vc_row][vc_row bg_type=\u00bbno_bg\u00bb css=\u00bb.vc_custom_1424840132934{padding-top: 10px !important;padding-bottom: 10px !important;background-color: #ffffff !important;background-position: center !important;background-repeat: no-repeat !important;background-size: cover !important;}\u00bb][vc_column width=\u00bb1\/2&#8243;][vc_custom_heading text=\u00bbMISI\u00d3N\u00bb font_container=\u00bbtag:h6|font_size:30|text_align:center|color:%23006940&#8243; google_fonts=\u00bbfont_family:Roboto%20Condensed%3A300%2C300italic%2Cregular%2Citalic%2C700%2C700italic|font_style:700%20bold%20regular%3A700%3Anormal\u00bb][vc_column_text css_animation=\u00bbright-to-left\u00bb]<b>La cultura que se respira en CLALDY se encuentra construida sobre 6 pilares:<\/b><\/p>\n<ul>\n<li>Excelencia en calidad e inocuidad\u00a0de los productos para satisfacer los requisitos de nuestros clientes.<\/li>\n<\/ul>\n<ul>\n<li>Compromiso con el cumplimiento de la reglamentaci\u00f3n vigente y con la mejora continua procurando el crecimiento junto a nuestros productores y a toda la cadena agroindustrial.<\/li>\n<\/ul>\n<ul>\n<li>Tratamiento justo y equitativo\u00a0entre los empleados, creando un ambiente agradable y seguro de trabajo.<\/li>\n<\/ul>\n<ul>\n<li>Protecci\u00f3n y preservaci\u00f3n del medio ambiente, procurando la prevenci\u00f3n de la contaminaci\u00f3n y el uso sostenible de recursos. Mejora continua del desempe\u00f1o ambiental.<\/li>\n<\/ul>\n<ul>\n<li>Eficiencia energ\u00e9tica. \u00a0Promoci\u00f3n del uso y adquisici\u00f3n de productos y servicios energ\u00e9ticamente eficientes. Dise\u00f1o de productos y servicios que consideran la mejora del desempe\u00f1o energ\u00e9tico. Mejora continua del desempe\u00f1o energ\u00e9tico.<\/li>\n<\/ul>\n<ul>\n<li>Compromiso con la disponibilidad de informaci\u00f3n, comunicaci\u00f3n interna y externa y recursos necesarios para alcanzar metas y objetivos. Compromiso con la disponibilidad de competencias relacionadas a la inocuidad.<\/li>\n<\/ul>\n<p style=\"text-align: right;\"><span style=\"font-weight: 400;\"><strong> Directorio CLALDY S.A.<\/strong><\/span><\/p>\n<p>[\/vc_column_text][\/vc_column][vc_column width=\u00bb1\/2&#8243;][vc_single_image image=\u00bb22476&#8243; css_animation=\u00bbright-to-left\u00bb style=\u00bbvc_box_rounded\u00bb border_color=\u00bbgrey\u00bb img_size=\u00bb600&#215;400&#8243;][\/vc_column][\/vc_row][vc_row][vc_column width=\u00bb1\/2&#8243;][vc_single_image image=\u00bb23779&#8243; img_size=\u00bb600&#215;201&#8243;][\/vc_column][vc_column width=\u00bb1\/2&#8243;][vc_custom_heading text=\u00bbVisi\u00f3n\u00bb font_container=\u00bbtag:h2|font_size:30|text_align:center|color:%23006940&#8243; google_fonts=\u00bbfont_family:Roboto%20Condensed%3A300%2C300italic%2Cregular%2Citalic%2C700%2C700italic|font_style:700%20bold%20regular%3A700%3Anormal\u00bb][vc_column_text]<\/p>\n<p style=\"text-align: center;\">Ser una empresa rentable, relevante y confiable, generando valor a clientes, colaboradores y productores.<\/p>\n<p>[\/vc_column_text][\/vc_column][\/vc_row][vc_row full_width=\u00bbstretch_row\u00bb][vc_column width=\u00bb1\/2&#8243;][vc_custom_heading text=\u00bbValores\u00bb font_container=\u00bbtag:h2|font_size:30|text_align:center|color:%23006940&#8243; google_fonts=\u00bbfont_family:Roboto%20Condensed%3A300%2C300italic%2Cregular%2Citalic%2C700%2C700italic|font_style:700%20bold%20regular%3A700%3Anormal\u00bb][vc_column_text]<span style=\"color: #006940;\"><strong>Integridad:<\/strong><\/span><br \/>\nPrimero est\u00e1n nuestros valores y principios y despu\u00e9s las consecuencias. Somos claros y coherentes. Predicamos primero con el ejemplo.<\/p>\n<p><span style=\"color: #006940;\"><strong>Humildad:<\/strong><\/span><br \/>\nPrimero escuchamos, despu\u00e9s hablamos. Respetamos el trabajo del otro porque primero respetamos a la persona. El \u00e9xito personal es el \u00e9xito de todos.<\/p>\n<p><span style=\"color: #006940;\"><strong>Cooperativismo:<\/strong><\/span><br \/>\nPriorizamos el bien com\u00fan, antes que el propio. Somos solidarios los unos con los otros. Juntos llegamos m\u00e1s lejos.<\/p>\n<p><span style=\"color: #006940;\"><strong>Compromiso:<\/strong><\/span><br \/>\nHacemos las cosas bien desde el principio. Buscamos el mejor camino y no el m\u00e1s corto. Ponemos toda nuestra energ\u00eda y entusiasmo en lo que hacemos.[\/vc_column_text][\/vc_column][vc_column width=\u00bb1\/2&#8243;][vc_column_text]<iframe loading=\"lazy\" src=\"https:\/\/www.youtube.com\/embed\/i_daNzlv4jc\" width=\"560\" height=\"315\" frameborder=\"0\" allowfullscreen=\"allowfullscreen\"><\/iframe>[\/vc_column_text][\/vc_column][\/vc_row][vc_row][vc_column][vc_column_text][vc_row][vc_column width=\u00bb1\/1&#8243;][vc_column_text][\/vc_column_text][\/vc_column][\/vc_row]<\/p>\n<\/div>","protected":false},"excerpt":{"rendered":"<p>[vc_row full_width=\u00bbstretch_row\u00bb bg_type=\u00bbno_bg\u00bb css=\u00bb.vc_custom_1424839845230{padding-top: 10px !important;padding-bottom: 10px !important;background-color: #ffffff !important;background-position: center !important;background-repeat: no-repeat !important;background-size: cover&#8230;<\/p>\n","protected":false},"author":1,"featured_media":0,"parent":0,"menu_order":2,"comment_status":"open","ping_status":"closed","template":"","meta":{"footnotes":""},"class_list":["post-19","page","type-page","status-publish","hentry"],"yoast_head":"<!-- This site is optimized with the Yoast SEO plugin v24.1 - https:\/\/yoast.com\/wordpress\/plugins\/seo\/ -->\n<title>Empresa - Claldy<\/title>\n<meta name=\"robots\" content=\"index, follow, max-snippet:-1, max-image-preview:large, max-video-preview:-1\" \/>\n<link rel=\"canonical\" href=\"https:\/\/www.claldy.com.uy\/empresa\/\" \/>\n<meta property=\"og:locale\" content=\"es_ES\" \/>\n<meta property=\"og:type\" content=\"article\" \/>\n<meta property=\"og:title\" content=\"[:es]Empresa[:en]Company[:] - Claldy\" \/>\n<meta property=\"og:description\" content=\"[vc_row full_width=\u00bbstretch_row\u00bb bg_type=\u00bbno_bg\u00bb css=\u00bb.vc_custom_1424839845230{padding-top: 10px !important;padding-bottom: 10px !important;background-color: #ffffff !important;background-position: center !important;background-repeat: no-repeat !important;background-size: cover...\" \/>\n<meta property=\"og:url\" content=\"https:\/\/www.claldy.com.uy\/empresa\/\" \/>\n<meta property=\"og:site_name\" content=\"Claldy\" \/>\n<meta property=\"article:modified_time\" content=\"2024-06-21T14:15:56+00:00\" \/>\n<meta name=\"twitter:card\" content=\"summary_large_image\" \/>\n<meta name=\"twitter:label1\" content=\"Tiempo de lectura\" \/>\n\t<meta name=\"twitter:data1\" content=\"2 minutos\" \/>\n<script type=\"application\/ld+json\" class=\"yoast-schema-graph\">{\"@context\":\"https:\/\/schema.org\",\"@graph\":[{\"@type\":\"WebPage\",\"@id\":\"https:\/\/www.claldy.com.uy\/empresa\/\",\"url\":\"https:\/\/www.claldy.com.uy\/empresa\/\",\"name\":\"[:es]Empresa[:en]Company[:] - Claldy\",\"isPartOf\":{\"@id\":\"https:\/\/www.claldy.com.uy\/es\/#website\"},\"datePublished\":\"2015-02-24T15:29:52+00:00\",\"dateModified\":\"2024-06-21T14:15:56+00:00\",\"breadcrumb\":{\"@id\":\"https:\/\/www.claldy.com.uy\/empresa\/#breadcrumb\"},\"inLanguage\":\"es\",\"potentialAction\":[{\"@type\":\"ReadAction\",\"target\":[\"https:\/\/www.claldy.com.uy\/empresa\/\"]}]},{\"@type\":\"BreadcrumbList\",\"@id\":\"https:\/\/www.claldy.com.uy\/empresa\/#breadcrumb\",\"itemListElement\":[{\"@type\":\"ListItem\",\"position\":1,\"name\":\"Portada\",\"item\":\"https:\/\/www.claldy.com.uy\/\"},{\"@type\":\"ListItem\",\"position\":2,\"name\":\"Empresa\"}]},{\"@type\":\"WebSite\",\"@id\":\"https:\/\/www.claldy.com.uy\/es\/#website\",\"url\":\"https:\/\/www.claldy.com.uy\/es\/\",\"name\":\"Claldy\",\"description\":\"Compa\u00f1\u00eda L\u00e1ctea Agropecuaria Lecheros de Young S.A | Uruguay\",\"potentialAction\":[{\"@type\":\"SearchAction\",\"target\":{\"@type\":\"EntryPoint\",\"urlTemplate\":\"https:\/\/www.claldy.com.uy\/es\/?s={search_term_string}\"},\"query-input\":{\"@type\":\"PropertyValueSpecification\",\"valueRequired\":true,\"valueName\":\"search_term_string\"}}],\"inLanguage\":\"es\"}]}<\/script>\n<!-- \/ Yoast SEO plugin. -->","yoast_head_json":{"title":"[:es]Empresa[:en]Company[:] - Claldy","robots":{"index":"index","follow":"follow","max-snippet":"max-snippet:-1","max-image-preview":"max-image-preview:large","max-video-preview":"max-video-preview:-1"},"canonical":"https:\/\/www.claldy.com.uy\/empresa\/","og_locale":"es_ES","og_type":"article","og_title":"[:es]Empresa[:en]Company[:] - Claldy","og_description":"[vc_row full_width=\u00bbstretch_row\u00bb bg_type=\u00bbno_bg\u00bb css=\u00bb.vc_custom_1424839845230{padding-top: 10px !important;padding-bottom: 10px !important;background-color: #ffffff !important;background-position: center !important;background-repeat: no-repeat !important;background-size: cover...","og_url":"https:\/\/www.claldy.com.uy\/empresa\/","og_site_name":"Claldy","article_modified_time":"2024-06-21T14:15:56+00:00","twitter_card":"summary_large_image","twitter_misc":{"Tiempo de lectura":"2 minutos"},"schema":{"@context":"https:\/\/schema.org","@graph":[{"@type":"WebPage","@id":"https:\/\/www.claldy.com.uy\/empresa\/","url":"https:\/\/www.claldy.com.uy\/empresa\/","name":"[:es]Empresa[:en]Company[:] - Claldy","isPartOf":{"@id":"https:\/\/www.claldy.com.uy\/es\/#website"},"datePublished":"2015-02-24T15:29:52+00:00","dateModified":"2024-06-21T14:15:56+00:00","breadcrumb":{"@id":"https:\/\/www.claldy.com.uy\/empresa\/#breadcrumb"},"inLanguage":"es","potentialAction":[{"@type":"ReadAction","target":["https:\/\/www.claldy.com.uy\/empresa\/"]}]},{"@type":"BreadcrumbList","@id":"https:\/\/www.claldy.com.uy\/empresa\/#breadcrumb","itemListElement":[{"@type":"ListItem","position":1,"name":"Portada","item":"https:\/\/www.claldy.com.uy\/"},{"@type":"ListItem","position":2,"name":"Empresa"}]},{"@type":"WebSite","@id":"https:\/\/www.claldy.com.uy\/es\/#website","url":"https:\/\/www.claldy.com.uy\/es\/","name":"Claldy","description":"Compa\u00f1\u00eda L\u00e1ctea Agropecuaria Lecheros de Young S.A | Uruguay","potentialAction":[{"@type":"SearchAction","target":{"@type":"EntryPoint","urlTemplate":"https:\/\/www.claldy.com.uy\/es\/?s={search_term_string}"},"query-input":{"@type":"PropertyValueSpecification","valueRequired":true,"valueName":"search_term_string"}}],"inLanguage":"es"}]}},"_links":{"self":[{"href":"https:\/\/www.claldy.com.uy\/es\/wp-json\/wp\/v2\/pages\/19","targetHints":{"allow":["GET"]}}],"collection":[{"href":"https:\/\/www.claldy.com.uy\/es\/wp-json\/wp\/v2\/pages"}],"about":[{"href":"https:\/\/www.claldy.com.uy\/es\/wp-json\/wp\/v2\/types\/page"}],"author":[{"embeddable":true,"href":"https:\/\/www.claldy.com.uy\/es\/wp-json\/wp\/v2\/users\/1"}],"replies":[{"embeddable":true,"href":"https:\/\/www.claldy.com.uy\/es\/wp-json\/wp\/v2\/comments?post=19"}],"version-history":[{"count":86,"href":"https:\/\/www.claldy.com.uy\/es\/wp-json\/wp\/v2\/pages\/19\/revisions"}],"predecessor-version":[{"id":24422,"href":"https:\/\/www.claldy.com.uy\/es\/wp-json\/wp\/v2\/pages\/19\/revisions\/24422"}],"wp:attachment":[{"href":"https:\/\/www.claldy.com.uy\/es\/wp-json\/wp\/v2\/media?parent=19"}],"curies":[{"name":"wp","href":"https:\/\/api.w.org\/{rel}","templated":true}]}}