{"id":22542,"date":"2015-02-25T14:07:42","date_gmt":"2015-02-25T14:07:42","guid":{"rendered":"http:\/\/www.claldy.com\/sitio\/?page_id=22542"},"modified":"2015-03-27T23:42:21","modified_gmt":"2015-03-27T23:42:21","slug":"gouda","status":"publish","type":"page","link":"https:\/\/www.claldy.com.uy\/es\/exportaciones\/gouda\/","title":{"rendered":"Gouda"},"content":{"rendered":"<div class=\"wpb-content-wrapper\"><p>[vc_row][vc_column width=\u00bb1\/2&#8243;][vc_single_image border_color=\u00bbgrey\u00bb img_link_target=\u00bb_self\u00bb style=\u00bbvc_box_rounded\u00bb image=\u00bb22491&#8243; img_size=\u00bb500&#215;500&#8243; img_link_large=\u00bbyes\u00bb][\/vc_column][vc_column width=\u00bb1\/2&#8243;][vc_custom_heading text=\u00bbGouda\u00bb font_container=\u00bbtag:h2|font_size:40|text_align:left|color:%23006940&#8243; google_fonts=\u00bbfont_family:Roboto%20Condensed%3A300%2C300italic%2Cregular%2Citalic%2C700%2C700italic|font_style:400%20regular%3A400%3Anormal\u00bb][vc_column_text]<strong>CARACTER\u00cdSTICAS<br \/>\n<\/strong>Pasta: compacta, firme, de consistencia el\u00e1stica. Forma: rectangular, de caras planas y ligeramente convexas. Tipos: semidescremado y cremoso.<\/p>\n<p><strong>ESPECIFICACIONES<\/strong><br \/>\nExtracto seco&#8230;&#8230;&#8230;&#8230;&#8230;&#8230;&#8230;&#8230;&#8230;&#8230;&#8230;&#8230;&#8230;&#8230;&#8230;&#8230;.55% min.<br \/>\nGrasa en extracto seco&#8230;&#8230;&#8230;&#8230;&#8230;&#8230;&#8230;&#8230;&#8230;&#8230;&#8230;46% &#8211; 52%<br \/>\nTiempo de maduraci\u00f3n&#8230;&#8230;&#8230;&#8230;&#8230;&#8230;&#8230;&#8230;&#8230;&#8230;&#8230;30 d\u00edas<\/p>\n<p><strong>PRESENTACI\u00d3N 1<\/strong><br \/>\nEn horma de 2,2 kg. aprox. | Envasado en cryovac | Medidas: 10 x 10 x 20 cm. | Medida de las cajas: 23,5 x 50,5 x 20 cm. |Cada caja de cart\u00f3n corrugado contiene 10 uds. | Carga por contenedor: 18 Pallet | Tama\u00f1o del Pallet: 100 x 120 cm | Cajas por Pallet: 60 unidades | Peso por Pallet: 1320kg<\/p>\n<p><strong>PRESENTACI\u00d3N 2<\/strong><br \/>\nEn horma rectangular de 3,7 kg. aprox. Envasado en cryovac |Medidas: 12 x 12 x 28 cm. Medidas de las cajas: 27 x 32 x 22 cm.| En cajas de cart\u00f3n corrugado conteniendo 4 uds |Carga por contenedor: 22 Pallet | Tama\u00f1o del Pallet: 98 x 108 cm | Cajas por Pallet: 84 unidades Peso por Pallet: 1226kg[\/vc_column_text][\/vc_column][\/vc_row]<\/p>\n<\/div>","protected":false},"excerpt":{"rendered":"<p>[vc_row][vc_column width=\u00bb1\/2&#8243;][vc_single_image border_color=\u00bbgrey\u00bb img_link_target=\u00bb_self\u00bb style=\u00bbvc_box_rounded\u00bb image=\u00bb22491&#8243; img_size=\u00bb500&#215;500&#8243; img_link_large=\u00bbyes\u00bb][\/vc_column][vc_column width=\u00bb1\/2&#8243;][vc_custom_heading text=\u00bbGouda\u00bb font_container=\u00bbtag:h2|font_size:40|text_align:left|color:%23006940&#8243; google_fonts=\u00bbfont_family:Roboto%20Condensed%3A300%2C300italic%2Cregular%2Citalic%2C700%2C700italic|font_style:400%20regular%3A400%3Anormal\u00bb][vc_column_text]CARACTER\u00cdSTICAS Pasta: compacta, firme,&#8230;<\/p>\n","protected":false},"author":1,"featured_media":22491,"parent":22279,"menu_order":0,"comment_status":"open","ping_status":"closed","template":"","meta":{"footnotes":""},"class_list":["post-22542","page","type-page","status-publish","has-post-thumbnail","hentry"],"yoast_head":"<!-- This site is optimized with the Yoast SEO plugin v24.1 - https:\/\/yoast.com\/wordpress\/plugins\/seo\/ -->\n<title>Gouda - Claldy<\/title>\n<meta name=\"robots\" content=\"index, follow, max-snippet:-1, max-image-preview:large, max-video-preview:-1\" \/>\n<link rel=\"canonical\" href=\"https:\/\/www.claldy.com.uy\/exportaciones\/gouda\/\" \/>\n<meta property=\"og:locale\" content=\"es_ES\" \/>\n<meta property=\"og:type\" content=\"article\" \/>\n<meta property=\"og:title\" content=\"[:es]Gouda[:en]Gouda Cheese[:] - Claldy\" \/>\n<meta property=\"og:description\" content=\"[vc_row][vc_column width=\u00bb1\/2&#8243;][vc_single_image border_color=\u00bbgrey\u00bb img_link_target=\u00bb_self\u00bb style=\u00bbvc_box_rounded\u00bb image=\u00bb22491&#8243; img_size=\u00bb500&#215;500&#8243; img_link_large=\u00bbyes\u00bb][\/vc_column][vc_column width=\u00bb1\/2&#8243;][vc_custom_heading text=\u00bbGouda\u00bb font_container=\u00bbtag:h2|font_size:40|text_align:left|color:%23006940&#8243; google_fonts=\u00bbfont_family:Roboto%20Condensed%3A300%2C300italic%2Cregular%2Citalic%2C700%2C700italic|font_style:400%20regular%3A400%3Anormal\u00bb][vc_column_text]CARACTER\u00cdSTICAS Pasta: compacta, firme,...\" \/>\n<meta property=\"og:url\" content=\"https:\/\/www.claldy.com.uy\/exportaciones\/gouda\/\" \/>\n<meta property=\"og:site_name\" content=\"Claldy\" \/>\n<meta property=\"article:modified_time\" content=\"2015-03-27T23:42:21+00:00\" \/>\n<meta property=\"og:image\" content=\"https:\/\/www.claldy.com.uy\/sitio\/wp-content\/uploads\/2015\/02\/03gouda.jpg\" \/>\n\t<meta property=\"og:image:width\" content=\"900\" \/>\n\t<meta property=\"og:image:height\" content=\"790\" \/>\n\t<meta property=\"og:image:type\" content=\"image\/jpeg\" \/>\n<meta name=\"twitter:card\" content=\"summary_large_image\" \/>\n<meta name=\"twitter:label1\" content=\"Tiempo de lectura\" \/>\n\t<meta name=\"twitter:data1\" content=\"2 minutos\" \/>\n<script type=\"application\/ld+json\" class=\"yoast-schema-graph\">{\"@context\":\"https:\/\/schema.org\",\"@graph\":[{\"@type\":\"WebPage\",\"@id\":\"https:\/\/www.claldy.com.uy\/exportaciones\/gouda\/\",\"url\":\"https:\/\/www.claldy.com.uy\/exportaciones\/gouda\/\",\"name\":\"[:es]Gouda[:en]Gouda Cheese[:] - Claldy\",\"isPartOf\":{\"@id\":\"https:\/\/www.claldy.com.uy\/es\/#website\"},\"primaryImageOfPage\":{\"@id\":\"https:\/\/www.claldy.com.uy\/exportaciones\/gouda\/#primaryimage\"},\"image\":{\"@id\":\"https:\/\/www.claldy.com.uy\/exportaciones\/gouda\/#primaryimage\"},\"thumbnailUrl\":\"https:\/\/www.claldy.com.uy\/sitio\/wp-content\/uploads\/2015\/02\/03gouda.jpg\",\"datePublished\":\"2015-02-25T14:07:42+00:00\",\"dateModified\":\"2015-03-27T23:42:21+00:00\",\"breadcrumb\":{\"@id\":\"https:\/\/www.claldy.com.uy\/exportaciones\/gouda\/#breadcrumb\"},\"inLanguage\":\"es\",\"potentialAction\":[{\"@type\":\"ReadAction\",\"target\":[\"https:\/\/www.claldy.com.uy\/exportaciones\/gouda\/\"]}]},{\"@type\":\"ImageObject\",\"inLanguage\":\"es\",\"@id\":\"https:\/\/www.claldy.com.uy\/exportaciones\/gouda\/#primaryimage\",\"url\":\"https:\/\/www.claldy.com.uy\/sitio\/wp-content\/uploads\/2015\/02\/03gouda.jpg\",\"contentUrl\":\"https:\/\/www.claldy.com.uy\/sitio\/wp-content\/uploads\/2015\/02\/03gouda.jpg\",\"width\":900,\"height\":790},{\"@type\":\"BreadcrumbList\",\"@id\":\"https:\/\/www.claldy.com.uy\/exportaciones\/gouda\/#breadcrumb\",\"itemListElement\":[{\"@type\":\"ListItem\",\"position\":1,\"name\":\"Portada\",\"item\":\"https:\/\/www.claldy.com.uy\/\"},{\"@type\":\"ListItem\",\"position\":2,\"name\":\"Exportaciones\",\"item\":\"https:\/\/www.claldy.com.uy\/exportaciones\/\"},{\"@type\":\"ListItem\",\"position\":3,\"name\":\"Gouda\"}]},{\"@type\":\"WebSite\",\"@id\":\"https:\/\/www.claldy.com.uy\/es\/#website\",\"url\":\"https:\/\/www.claldy.com.uy\/es\/\",\"name\":\"Claldy\",\"description\":\"Compa\u00f1\u00eda L\u00e1ctea Agropecuaria Lecheros de Young S.A | Uruguay\",\"potentialAction\":[{\"@type\":\"SearchAction\",\"target\":{\"@type\":\"EntryPoint\",\"urlTemplate\":\"https:\/\/www.claldy.com.uy\/es\/?s={search_term_string}\"},\"query-input\":{\"@type\":\"PropertyValueSpecification\",\"valueRequired\":true,\"valueName\":\"search_term_string\"}}],\"inLanguage\":\"es\"}]}<\/script>\n<!-- \/ Yoast SEO plugin. -->","yoast_head_json":{"title":"[:es]Gouda[:en]Gouda Cheese[:] - Claldy","robots":{"index":"index","follow":"follow","max-snippet":"max-snippet:-1","max-image-preview":"max-image-preview:large","max-video-preview":"max-video-preview:-1"},"canonical":"https:\/\/www.claldy.com.uy\/exportaciones\/gouda\/","og_locale":"es_ES","og_type":"article","og_title":"[:es]Gouda[:en]Gouda Cheese[:] - Claldy","og_description":"[vc_row][vc_column width=\u00bb1\/2&#8243;][vc_single_image border_color=\u00bbgrey\u00bb img_link_target=\u00bb_self\u00bb style=\u00bbvc_box_rounded\u00bb image=\u00bb22491&#8243; img_size=\u00bb500&#215;500&#8243; img_link_large=\u00bbyes\u00bb][\/vc_column][vc_column width=\u00bb1\/2&#8243;][vc_custom_heading text=\u00bbGouda\u00bb font_container=\u00bbtag:h2|font_size:40|text_align:left|color:%23006940&#8243; google_fonts=\u00bbfont_family:Roboto%20Condensed%3A300%2C300italic%2Cregular%2Citalic%2C700%2C700italic|font_style:400%20regular%3A400%3Anormal\u00bb][vc_column_text]CARACTER\u00cdSTICAS Pasta: compacta, firme,...","og_url":"https:\/\/www.claldy.com.uy\/exportaciones\/gouda\/","og_site_name":"Claldy","article_modified_time":"2015-03-27T23:42:21+00:00","og_image":[{"width":900,"height":790,"url":"https:\/\/www.claldy.com.uy\/sitio\/wp-content\/uploads\/2015\/02\/03gouda.jpg","type":"image\/jpeg"}],"twitter_card":"summary_large_image","twitter_misc":{"Tiempo de lectura":"2 minutos"},"schema":{"@context":"https:\/\/schema.org","@graph":[{"@type":"WebPage","@id":"https:\/\/www.claldy.com.uy\/exportaciones\/gouda\/","url":"https:\/\/www.claldy.com.uy\/exportaciones\/gouda\/","name":"[:es]Gouda[:en]Gouda Cheese[:] - Claldy","isPartOf":{"@id":"https:\/\/www.claldy.com.uy\/es\/#website"},"primaryImageOfPage":{"@id":"https:\/\/www.claldy.com.uy\/exportaciones\/gouda\/#primaryimage"},"image":{"@id":"https:\/\/www.claldy.com.uy\/exportaciones\/gouda\/#primaryimage"},"thumbnailUrl":"https:\/\/www.claldy.com.uy\/sitio\/wp-content\/uploads\/2015\/02\/03gouda.jpg","datePublished":"2015-02-25T14:07:42+00:00","dateModified":"2015-03-27T23:42:21+00:00","breadcrumb":{"@id":"https:\/\/www.claldy.com.uy\/exportaciones\/gouda\/#breadcrumb"},"inLanguage":"es","potentialAction":[{"@type":"ReadAction","target":["https:\/\/www.claldy.com.uy\/exportaciones\/gouda\/"]}]},{"@type":"ImageObject","inLanguage":"es","@id":"https:\/\/www.claldy.com.uy\/exportaciones\/gouda\/#primaryimage","url":"https:\/\/www.claldy.com.uy\/sitio\/wp-content\/uploads\/2015\/02\/03gouda.jpg","contentUrl":"https:\/\/www.claldy.com.uy\/sitio\/wp-content\/uploads\/2015\/02\/03gouda.jpg","width":900,"height":790},{"@type":"BreadcrumbList","@id":"https:\/\/www.claldy.com.uy\/exportaciones\/gouda\/#breadcrumb","itemListElement":[{"@type":"ListItem","position":1,"name":"Portada","item":"https:\/\/www.claldy.com.uy\/"},{"@type":"ListItem","position":2,"name":"Exportaciones","item":"https:\/\/www.claldy.com.uy\/exportaciones\/"},{"@type":"ListItem","position":3,"name":"Gouda"}]},{"@type":"WebSite","@id":"https:\/\/www.claldy.com.uy\/es\/#website","url":"https:\/\/www.claldy.com.uy\/es\/","name":"Claldy","description":"Compa\u00f1\u00eda L\u00e1ctea Agropecuaria Lecheros de Young S.A | Uruguay","potentialAction":[{"@type":"SearchAction","target":{"@type":"EntryPoint","urlTemplate":"https:\/\/www.claldy.com.uy\/es\/?s={search_term_string}"},"query-input":{"@type":"PropertyValueSpecification","valueRequired":true,"valueName":"search_term_string"}}],"inLanguage":"es"}]}},"_links":{"self":[{"href":"https:\/\/www.claldy.com.uy\/es\/wp-json\/wp\/v2\/pages\/22542","targetHints":{"allow":["GET"]}}],"collection":[{"href":"https:\/\/www.claldy.com.uy\/es\/wp-json\/wp\/v2\/pages"}],"about":[{"href":"https:\/\/www.claldy.com.uy\/es\/wp-json\/wp\/v2\/types\/page"}],"author":[{"embeddable":true,"href":"https:\/\/www.claldy.com.uy\/es\/wp-json\/wp\/v2\/users\/1"}],"replies":[{"embeddable":true,"href":"https:\/\/www.claldy.com.uy\/es\/wp-json\/wp\/v2\/comments?post=22542"}],"version-history":[{"count":8,"href":"https:\/\/www.claldy.com.uy\/es\/wp-json\/wp\/v2\/pages\/22542\/revisions"}],"predecessor-version":[{"id":23553,"href":"https:\/\/www.claldy.com.uy\/es\/wp-json\/wp\/v2\/pages\/22542\/revisions\/23553"}],"up":[{"embeddable":true,"href":"https:\/\/www.claldy.com.uy\/es\/wp-json\/wp\/v2\/pages\/22279"}],"wp:featuredmedia":[{"embeddable":true,"href":"https:\/\/www.claldy.com.uy\/es\/wp-json\/wp\/v2\/media\/22491"}],"wp:attachment":[{"href":"https:\/\/www.claldy.com.uy\/es\/wp-json\/wp\/v2\/media?parent=22542"}],"curies":[{"name":"wp","href":"https:\/\/api.w.org\/{rel}","templated":true}]}}