{"id":22554,"date":"2015-02-25T14:12:15","date_gmt":"2015-02-25T14:12:15","guid":{"rendered":"http:\/\/www.claldy.com\/sitio\/?page_id=22554"},"modified":"2015-03-27T23:48:51","modified_gmt":"2015-03-27T23:48:51","slug":"reggianito","status":"publish","type":"page","link":"https:\/\/www.claldy.com.uy\/es\/exportaciones\/reggianito\/","title":{"rendered":"Reggianito"},"content":{"rendered":"<div class=\"wpb-content-wrapper\"><p>[vc_row][vc_column width=\u00bb1\/2&#8243;][vc_single_image border_color=\u00bbgrey\u00bb img_link_target=\u00bb_self\u00bb style=\u00bbvc_box_rounded\u00bb image=\u00bb22488&#8243; img_size=\u00bb500&#215;500&#8243; img_link_large=\u00bbyes\u00bb][\/vc_column][vc_column width=\u00bb1\/2&#8243;][vc_custom_heading text=\u00bbReggianito\u00bb font_container=\u00bbtag:h2|font_size:40|text_align:left|color:%23006940&#8243; google_fonts=\u00bbfont_family:Roboto%20Condensed%3A300%2C300italic%2Cregular%2Citalic%2C700%2C700italic|font_style:400%20regular%3A400%3Anormal\u00bb][vc_column_text]<strong>CARACTER\u00cdSTICAS<br \/>\n<\/strong>Pasta: dura, tipo italiano. Forma: cil\u00edndrico, perfil ligeramente convexo.<\/p>\n<p><strong>ESPECIFICACIONES<br \/>\n<\/strong>Extracto seco&#8230;&#8230;&#8230;&#8230;&#8230;&#8230;&#8230;&#8230;&#8230;&#8230;&#8230;&#8230;&#8230;&#8230;&#8230;&#8230;&#8230;.65% min.<br \/>\nGrasa en extracto seco&#8230;&#8230;&#8230;&#8230;&#8230;&#8230;&#8230;&#8230;&#8230;&#8230;&#8230;&#8230;40% min.<br \/>\nTiempo de maduraci\u00f3n&#8230;&#8230;&#8230;&#8230;&#8230;&#8230;&#8230;&#8230;&#8230;&#8230;&#8230;&#8230;120 d\u00edas.<\/p>\n<p><strong>PRESENTACI\u00d3N<br \/>\n<\/strong>En horma de 5,0 kg. aprox. | Envasado en cryovac | Medidas: 25cm. di\u00e1metro, 10 cm. altura. | Medidas de las cajas: 27,0 x 27,3 x 36,0 cm | En cajas de cart\u00f3n corrugado conteniendo 3 uds | Carga por contenedor 18 Pallet | Tama\u00f1o del Pallet: 100 x 120 cm Cajas por Pallet: 66 unidades | Peso por Pallet: 990kg[\/vc_column_text][\/vc_column][\/vc_row]<\/p>\n<\/div>","protected":false},"excerpt":{"rendered":"<p>[vc_row][vc_column width=\u00bb1\/2&#8243;][vc_single_image border_color=\u00bbgrey\u00bb img_link_target=\u00bb_self\u00bb style=\u00bbvc_box_rounded\u00bb image=\u00bb22488&#8243; img_size=\u00bb500&#215;500&#8243; img_link_large=\u00bbyes\u00bb][\/vc_column][vc_column width=\u00bb1\/2&#8243;][vc_custom_heading text=\u00bbReggianito\u00bb font_container=\u00bbtag:h2|font_size:40|text_align:left|color:%23006940&#8243; google_fonts=\u00bbfont_family:Roboto%20Condensed%3A300%2C300italic%2Cregular%2Citalic%2C700%2C700italic|font_style:400%20regular%3A400%3Anormal\u00bb][vc_column_text]CARACTER\u00cdSTICAS Pasta: dura, tipo&#8230;<\/p>\n","protected":false},"author":1,"featured_media":22488,"parent":22279,"menu_order":0,"comment_status":"open","ping_status":"closed","template":"","meta":{"footnotes":""},"class_list":["post-22554","page","type-page","status-publish","has-post-thumbnail","hentry"],"yoast_head":"<!-- This site is optimized with the Yoast SEO plugin v24.1 - https:\/\/yoast.com\/wordpress\/plugins\/seo\/ -->\n<title>Reggianito - Claldy<\/title>\n<meta name=\"robots\" content=\"index, follow, max-snippet:-1, max-image-preview:large, max-video-preview:-1\" \/>\n<link rel=\"canonical\" href=\"https:\/\/www.claldy.com.uy\/exportaciones\/reggianito\/\" \/>\n<meta property=\"og:locale\" content=\"es_ES\" \/>\n<meta property=\"og:type\" content=\"article\" \/>\n<meta property=\"og:title\" content=\"[:es]Reggianito[:en]Reggianito Cheese[:] - Claldy\" \/>\n<meta property=\"og:description\" content=\"[vc_row][vc_column width=\u00bb1\/2&#8243;][vc_single_image border_color=\u00bbgrey\u00bb img_link_target=\u00bb_self\u00bb style=\u00bbvc_box_rounded\u00bb image=\u00bb22488&#8243; img_size=\u00bb500&#215;500&#8243; img_link_large=\u00bbyes\u00bb][\/vc_column][vc_column width=\u00bb1\/2&#8243;][vc_custom_heading text=\u00bbReggianito\u00bb font_container=\u00bbtag:h2|font_size:40|text_align:left|color:%23006940&#8243; google_fonts=\u00bbfont_family:Roboto%20Condensed%3A300%2C300italic%2Cregular%2Citalic%2C700%2C700italic|font_style:400%20regular%3A400%3Anormal\u00bb][vc_column_text]CARACTER\u00cdSTICAS Pasta: dura, tipo...\" \/>\n<meta property=\"og:url\" content=\"https:\/\/www.claldy.com.uy\/exportaciones\/reggianito\/\" \/>\n<meta property=\"og:site_name\" content=\"Claldy\" \/>\n<meta property=\"article:modified_time\" content=\"2015-03-27T23:48:51+00:00\" \/>\n<meta property=\"og:image\" content=\"https:\/\/www.claldy.com.uy\/sitio\/wp-content\/uploads\/2015\/02\/05reggianito.jpg\" \/>\n\t<meta property=\"og:image:width\" content=\"900\" \/>\n\t<meta property=\"og:image:height\" content=\"745\" \/>\n\t<meta property=\"og:image:type\" content=\"image\/jpeg\" \/>\n<meta name=\"twitter:card\" content=\"summary_large_image\" \/>\n<meta name=\"twitter:label1\" content=\"Tiempo de lectura\" \/>\n\t<meta name=\"twitter:data1\" content=\"1 minuto\" \/>\n<script type=\"application\/ld+json\" class=\"yoast-schema-graph\">{\"@context\":\"https:\/\/schema.org\",\"@graph\":[{\"@type\":\"WebPage\",\"@id\":\"https:\/\/www.claldy.com.uy\/exportaciones\/reggianito\/\",\"url\":\"https:\/\/www.claldy.com.uy\/exportaciones\/reggianito\/\",\"name\":\"[:es]Reggianito[:en]Reggianito Cheese[:] - Claldy\",\"isPartOf\":{\"@id\":\"https:\/\/www.claldy.com.uy\/es\/#website\"},\"primaryImageOfPage\":{\"@id\":\"https:\/\/www.claldy.com.uy\/exportaciones\/reggianito\/#primaryimage\"},\"image\":{\"@id\":\"https:\/\/www.claldy.com.uy\/exportaciones\/reggianito\/#primaryimage\"},\"thumbnailUrl\":\"https:\/\/www.claldy.com.uy\/sitio\/wp-content\/uploads\/2015\/02\/05reggianito.jpg\",\"datePublished\":\"2015-02-25T14:12:15+00:00\",\"dateModified\":\"2015-03-27T23:48:51+00:00\",\"breadcrumb\":{\"@id\":\"https:\/\/www.claldy.com.uy\/exportaciones\/reggianito\/#breadcrumb\"},\"inLanguage\":\"es\",\"potentialAction\":[{\"@type\":\"ReadAction\",\"target\":[\"https:\/\/www.claldy.com.uy\/exportaciones\/reggianito\/\"]}]},{\"@type\":\"ImageObject\",\"inLanguage\":\"es\",\"@id\":\"https:\/\/www.claldy.com.uy\/exportaciones\/reggianito\/#primaryimage\",\"url\":\"https:\/\/www.claldy.com.uy\/sitio\/wp-content\/uploads\/2015\/02\/05reggianito.jpg\",\"contentUrl\":\"https:\/\/www.claldy.com.uy\/sitio\/wp-content\/uploads\/2015\/02\/05reggianito.jpg\",\"width\":900,\"height\":745},{\"@type\":\"BreadcrumbList\",\"@id\":\"https:\/\/www.claldy.com.uy\/exportaciones\/reggianito\/#breadcrumb\",\"itemListElement\":[{\"@type\":\"ListItem\",\"position\":1,\"name\":\"Portada\",\"item\":\"https:\/\/www.claldy.com.uy\/\"},{\"@type\":\"ListItem\",\"position\":2,\"name\":\"Exportaciones\",\"item\":\"https:\/\/www.claldy.com.uy\/exportaciones\/\"},{\"@type\":\"ListItem\",\"position\":3,\"name\":\"Reggianito\"}]},{\"@type\":\"WebSite\",\"@id\":\"https:\/\/www.claldy.com.uy\/es\/#website\",\"url\":\"https:\/\/www.claldy.com.uy\/es\/\",\"name\":\"Claldy\",\"description\":\"Compa\u00f1\u00eda L\u00e1ctea Agropecuaria Lecheros de Young S.A | Uruguay\",\"potentialAction\":[{\"@type\":\"SearchAction\",\"target\":{\"@type\":\"EntryPoint\",\"urlTemplate\":\"https:\/\/www.claldy.com.uy\/es\/?s={search_term_string}\"},\"query-input\":{\"@type\":\"PropertyValueSpecification\",\"valueRequired\":true,\"valueName\":\"search_term_string\"}}],\"inLanguage\":\"es\"}]}<\/script>\n<!-- \/ Yoast SEO plugin. -->","yoast_head_json":{"title":"[:es]Reggianito[:en]Reggianito Cheese[:] - Claldy","robots":{"index":"index","follow":"follow","max-snippet":"max-snippet:-1","max-image-preview":"max-image-preview:large","max-video-preview":"max-video-preview:-1"},"canonical":"https:\/\/www.claldy.com.uy\/exportaciones\/reggianito\/","og_locale":"es_ES","og_type":"article","og_title":"[:es]Reggianito[:en]Reggianito Cheese[:] - Claldy","og_description":"[vc_row][vc_column width=\u00bb1\/2&#8243;][vc_single_image border_color=\u00bbgrey\u00bb img_link_target=\u00bb_self\u00bb style=\u00bbvc_box_rounded\u00bb image=\u00bb22488&#8243; img_size=\u00bb500&#215;500&#8243; img_link_large=\u00bbyes\u00bb][\/vc_column][vc_column width=\u00bb1\/2&#8243;][vc_custom_heading text=\u00bbReggianito\u00bb font_container=\u00bbtag:h2|font_size:40|text_align:left|color:%23006940&#8243; google_fonts=\u00bbfont_family:Roboto%20Condensed%3A300%2C300italic%2Cregular%2Citalic%2C700%2C700italic|font_style:400%20regular%3A400%3Anormal\u00bb][vc_column_text]CARACTER\u00cdSTICAS Pasta: dura, tipo...","og_url":"https:\/\/www.claldy.com.uy\/exportaciones\/reggianito\/","og_site_name":"Claldy","article_modified_time":"2015-03-27T23:48:51+00:00","og_image":[{"width":900,"height":745,"url":"https:\/\/www.claldy.com.uy\/sitio\/wp-content\/uploads\/2015\/02\/05reggianito.jpg","type":"image\/jpeg"}],"twitter_card":"summary_large_image","twitter_misc":{"Tiempo de lectura":"1 minuto"},"schema":{"@context":"https:\/\/schema.org","@graph":[{"@type":"WebPage","@id":"https:\/\/www.claldy.com.uy\/exportaciones\/reggianito\/","url":"https:\/\/www.claldy.com.uy\/exportaciones\/reggianito\/","name":"[:es]Reggianito[:en]Reggianito Cheese[:] - Claldy","isPartOf":{"@id":"https:\/\/www.claldy.com.uy\/es\/#website"},"primaryImageOfPage":{"@id":"https:\/\/www.claldy.com.uy\/exportaciones\/reggianito\/#primaryimage"},"image":{"@id":"https:\/\/www.claldy.com.uy\/exportaciones\/reggianito\/#primaryimage"},"thumbnailUrl":"https:\/\/www.claldy.com.uy\/sitio\/wp-content\/uploads\/2015\/02\/05reggianito.jpg","datePublished":"2015-02-25T14:12:15+00:00","dateModified":"2015-03-27T23:48:51+00:00","breadcrumb":{"@id":"https:\/\/www.claldy.com.uy\/exportaciones\/reggianito\/#breadcrumb"},"inLanguage":"es","potentialAction":[{"@type":"ReadAction","target":["https:\/\/www.claldy.com.uy\/exportaciones\/reggianito\/"]}]},{"@type":"ImageObject","inLanguage":"es","@id":"https:\/\/www.claldy.com.uy\/exportaciones\/reggianito\/#primaryimage","url":"https:\/\/www.claldy.com.uy\/sitio\/wp-content\/uploads\/2015\/02\/05reggianito.jpg","contentUrl":"https:\/\/www.claldy.com.uy\/sitio\/wp-content\/uploads\/2015\/02\/05reggianito.jpg","width":900,"height":745},{"@type":"BreadcrumbList","@id":"https:\/\/www.claldy.com.uy\/exportaciones\/reggianito\/#breadcrumb","itemListElement":[{"@type":"ListItem","position":1,"name":"Portada","item":"https:\/\/www.claldy.com.uy\/"},{"@type":"ListItem","position":2,"name":"Exportaciones","item":"https:\/\/www.claldy.com.uy\/exportaciones\/"},{"@type":"ListItem","position":3,"name":"Reggianito"}]},{"@type":"WebSite","@id":"https:\/\/www.claldy.com.uy\/es\/#website","url":"https:\/\/www.claldy.com.uy\/es\/","name":"Claldy","description":"Compa\u00f1\u00eda L\u00e1ctea Agropecuaria Lecheros de Young S.A | Uruguay","potentialAction":[{"@type":"SearchAction","target":{"@type":"EntryPoint","urlTemplate":"https:\/\/www.claldy.com.uy\/es\/?s={search_term_string}"},"query-input":{"@type":"PropertyValueSpecification","valueRequired":true,"valueName":"search_term_string"}}],"inLanguage":"es"}]}},"_links":{"self":[{"href":"https:\/\/www.claldy.com.uy\/es\/wp-json\/wp\/v2\/pages\/22554","targetHints":{"allow":["GET"]}}],"collection":[{"href":"https:\/\/www.claldy.com.uy\/es\/wp-json\/wp\/v2\/pages"}],"about":[{"href":"https:\/\/www.claldy.com.uy\/es\/wp-json\/wp\/v2\/types\/page"}],"author":[{"embeddable":true,"href":"https:\/\/www.claldy.com.uy\/es\/wp-json\/wp\/v2\/users\/1"}],"replies":[{"embeddable":true,"href":"https:\/\/www.claldy.com.uy\/es\/wp-json\/wp\/v2\/comments?post=22554"}],"version-history":[{"count":8,"href":"https:\/\/www.claldy.com.uy\/es\/wp-json\/wp\/v2\/pages\/22554\/revisions"}],"predecessor-version":[{"id":23562,"href":"https:\/\/www.claldy.com.uy\/es\/wp-json\/wp\/v2\/pages\/22554\/revisions\/23562"}],"up":[{"embeddable":true,"href":"https:\/\/www.claldy.com.uy\/es\/wp-json\/wp\/v2\/pages\/22279"}],"wp:featuredmedia":[{"embeddable":true,"href":"https:\/\/www.claldy.com.uy\/es\/wp-json\/wp\/v2\/media\/22488"}],"wp:attachment":[{"href":"https:\/\/www.claldy.com.uy\/es\/wp-json\/wp\/v2\/media?parent=22554"}],"curies":[{"name":"wp","href":"https:\/\/api.w.org\/{rel}","templated":true}]}}