{"id":22574,"date":"2015-02-25T14:26:33","date_gmt":"2015-02-25T14:26:33","guid":{"rendered":"http:\/\/www.claldy.com\/sitio\/?page_id=22574"},"modified":"2023-02-10T20:25:30","modified_gmt":"2023-02-10T20:25:30","slug":"be-free-frasco","status":"publish","type":"page","link":"https:\/\/www.claldy.com.uy\/es\/prod\/be-free\/be-free-frasco\/","title":{"rendered":"Be-free frasco"},"content":{"rendered":"<div class=\"wpb-content-wrapper\"><p>[vc_row][vc_column width=\u00bb1\/2&#8243;][vc_gallery type=\u00bbnivo\u00bb interval=\u00bb3&#8243; images=\u00bb24291,24292&#8243; img_size=\u00bb500&#215;667&#8243;][\/vc_column][vc_column width=\u00bb1\/2&#8243;][vc_custom_heading text=\u00bbBe-free frasco\u00bb font_container=\u00bbtag:h2|font_size:40|text_align:left|color:%23006940&#8243; google_fonts=\u00bbfont_family:Roboto%20Condensed%3A300%2C300italic%2Cregular%2Citalic%2C700%2C700italic|font_style:400%20regular%3A400%3Anormal\u00bb][vc_column_text]<strong>Caracter\u00edsticas:<\/strong><br \/>\nEl producto en consideraci\u00f3n es un bioyogur batido descremado con pulpa de frutas y sin az\u00facar agregada, sabor durazno y frutilla.<\/p>\n<p>El alimento en cuesti\u00f3n es un \u201calimento hipocal\u00f3rico\u201d o \u201cbajo en calor\u00edas\u201d, ya que su aporte cal\u00f3rico es menos de 0.4 kcal por gramo. El porcentaje de reducci\u00f3n cal\u00f3rica es de 67% frente al producto entero y endulzado con az\u00facar. Adem\u00e1s es un \u201calimento hipogluc\u00eddico\u201d o \u201cde bajo valor gluc\u00eddico\u201d. El aporte de gl\u00facidos es de 4.5 g en 100g de producto frente a 14.5g en 100g de producto no modificado.<\/p>\n<p><strong>Par\u00e1metros:<\/strong> Materia grasa yogur &lt; 0,5%.<\/p>\n<p>Producto listo para el consumo. Puede ser consumido para la merienda, el desayuno, como postre y como colaci\u00f3n.<br \/>\n<strong>Producto libre de gluten, apto para cel\u00edacos.\u00a0<\/strong>[\/vc_column_text][\/vc_column][\/vc_row][vc_row][vc_column width=\u00bb1\/6&#8243;][\/vc_column][vc_column width=\u00bb1\/6&#8243;][\/vc_column][vc_column width=\u00bb1\/6&#8243;][\/vc_column][vc_column width=\u00bb1\/6&#8243;][vc_facebook type=\u00bbbox_count\u00bb][\/vc_column][vc_column width=\u00bb1\/6&#8243;][vc_tweetmeme type=\u00bbhorizontal\u00bb][\/vc_column][vc_column width=\u00bb1\/6&#8243;][vc_googleplus annotation=\u00bbinline\u00bb][\/vc_column][\/vc_row]<\/p>\n<\/div>","protected":false},"excerpt":{"rendered":"<p>[vc_row][vc_column width=\u00bb1\/2&#8243;][vc_gallery type=\u00bbnivo\u00bb interval=\u00bb3&#8243; images=\u00bb24291,24292&#8243; img_size=\u00bb500&#215;667&#8243;][\/vc_column][vc_column width=\u00bb1\/2&#8243;][vc_custom_heading text=\u00bbBe-free frasco\u00bb font_container=\u00bbtag:h2|font_size:40|text_align:left|color:%23006940&#8243; google_fonts=\u00bbfont_family:Roboto%20Condensed%3A300%2C300italic%2Cregular%2Citalic%2C700%2C700italic|font_style:400%20regular%3A400%3Anormal\u00bb][vc_column_text]Caracter\u00edsticas: El producto en consideraci\u00f3n&#8230;<\/p>\n","protected":false},"author":1,"featured_media":22737,"parent":22383,"menu_order":0,"comment_status":"open","ping_status":"closed","template":"","meta":{"footnotes":""},"class_list":["post-22574","page","type-page","status-publish","has-post-thumbnail","hentry"],"yoast_head":"<!-- This site is optimized with the Yoast SEO plugin v24.1 - https:\/\/yoast.com\/wordpress\/plugins\/seo\/ -->\n<title>Be-free frasco - Claldy<\/title>\n<meta name=\"robots\" content=\"index, follow, max-snippet:-1, max-image-preview:large, max-video-preview:-1\" \/>\n<link rel=\"canonical\" href=\"https:\/\/www.claldy.com.uy\/es\/prod\/be-free\/be-free-frasco\/\" \/>\n<meta property=\"og:locale\" content=\"es_ES\" \/>\n<meta property=\"og:type\" content=\"article\" \/>\n<meta property=\"og:title\" content=\"[:es]Be-free frasco[:en]Plastic jar Be-free[:] - Claldy\" \/>\n<meta property=\"og:description\" content=\"[vc_row][vc_column width=\u00bb1\/2&#8243;][vc_gallery type=\u00bbnivo\u00bb interval=\u00bb3&#8243; images=\u00bb24291,24292&#8243; img_size=\u00bb500&#215;667&#8243;][\/vc_column][vc_column width=\u00bb1\/2&#8243;][vc_custom_heading text=\u00bbBe-free frasco\u00bb font_container=\u00bbtag:h2|font_size:40|text_align:left|color:%23006940&#8243; google_fonts=\u00bbfont_family:Roboto%20Condensed%3A300%2C300italic%2Cregular%2Citalic%2C700%2C700italic|font_style:400%20regular%3A400%3Anormal\u00bb][vc_column_text]Caracter\u00edsticas: El producto en consideraci\u00f3n...\" \/>\n<meta property=\"og:url\" content=\"https:\/\/www.claldy.com.uy\/es\/prod\/be-free\/be-free-frasco\/\" \/>\n<meta property=\"og:site_name\" content=\"Claldy\" \/>\n<meta property=\"article:modified_time\" content=\"2023-02-10T20:25:30+00:00\" \/>\n<meta property=\"og:image\" content=\"https:\/\/www.claldy.com.uy\/sitio\/wp-content\/uploads\/2015\/02\/frasco_bee_frut.jpg\" \/>\n\t<meta property=\"og:image:width\" content=\"626\" \/>\n\t<meta property=\"og:image:height\" content=\"835\" \/>\n\t<meta property=\"og:image:type\" content=\"image\/jpeg\" \/>\n<meta name=\"twitter:card\" content=\"summary_large_image\" \/>\n<meta name=\"twitter:label1\" content=\"Tiempo de lectura\" \/>\n\t<meta name=\"twitter:data1\" content=\"2 minutos\" \/>\n<script type=\"application\/ld+json\" class=\"yoast-schema-graph\">{\"@context\":\"https:\/\/schema.org\",\"@graph\":[{\"@type\":\"WebPage\",\"@id\":\"https:\/\/www.claldy.com.uy\/es\/prod\/be-free\/be-free-frasco\/\",\"url\":\"https:\/\/www.claldy.com.uy\/es\/prod\/be-free\/be-free-frasco\/\",\"name\":\"[:es]Be-free frasco[:en]Plastic jar Be-free[:] - Claldy\",\"isPartOf\":{\"@id\":\"https:\/\/www.claldy.com.uy\/es\/#website\"},\"primaryImageOfPage\":{\"@id\":\"https:\/\/www.claldy.com.uy\/es\/prod\/be-free\/be-free-frasco\/#primaryimage\"},\"image\":{\"@id\":\"https:\/\/www.claldy.com.uy\/es\/prod\/be-free\/be-free-frasco\/#primaryimage\"},\"thumbnailUrl\":\"https:\/\/www.claldy.com.uy\/sitio\/wp-content\/uploads\/2015\/02\/frasco_bee_frut.jpg\",\"datePublished\":\"2015-02-25T14:26:33+00:00\",\"dateModified\":\"2023-02-10T20:25:30+00:00\",\"breadcrumb\":{\"@id\":\"https:\/\/www.claldy.com.uy\/es\/prod\/be-free\/be-free-frasco\/#breadcrumb\"},\"inLanguage\":\"es\",\"potentialAction\":[{\"@type\":\"ReadAction\",\"target\":[\"https:\/\/www.claldy.com.uy\/es\/prod\/be-free\/be-free-frasco\/\"]}]},{\"@type\":\"ImageObject\",\"inLanguage\":\"es\",\"@id\":\"https:\/\/www.claldy.com.uy\/es\/prod\/be-free\/be-free-frasco\/#primaryimage\",\"url\":\"https:\/\/www.claldy.com.uy\/sitio\/wp-content\/uploads\/2015\/02\/frasco_bee_frut.jpg\",\"contentUrl\":\"https:\/\/www.claldy.com.uy\/sitio\/wp-content\/uploads\/2015\/02\/frasco_bee_frut.jpg\",\"width\":626,\"height\":835},{\"@type\":\"BreadcrumbList\",\"@id\":\"https:\/\/www.claldy.com.uy\/es\/prod\/be-free\/be-free-frasco\/#breadcrumb\",\"itemListElement\":[{\"@type\":\"ListItem\",\"position\":1,\"name\":\"Portada\",\"item\":\"https:\/\/www.claldy.com.uy\/\"},{\"@type\":\"ListItem\",\"position\":2,\"name\":\"Products\",\"item\":\"https:\/\/www.claldy.com.uy\/en\/prod\/\"},{\"@type\":\"ListItem\",\"position\":3,\"name\":\"Be-free\",\"item\":\"https:\/\/www.claldy.com.uy\/es\/prod\/be-free\/\"},{\"@type\":\"ListItem\",\"position\":4,\"name\":\"Be-free frasco\"}]},{\"@type\":\"WebSite\",\"@id\":\"https:\/\/www.claldy.com.uy\/es\/#website\",\"url\":\"https:\/\/www.claldy.com.uy\/es\/\",\"name\":\"Claldy\",\"description\":\"Compa\u00f1\u00eda L\u00e1ctea Agropecuaria Lecheros de Young S.A | Uruguay\",\"potentialAction\":[{\"@type\":\"SearchAction\",\"target\":{\"@type\":\"EntryPoint\",\"urlTemplate\":\"https:\/\/www.claldy.com.uy\/es\/?s={search_term_string}\"},\"query-input\":{\"@type\":\"PropertyValueSpecification\",\"valueRequired\":true,\"valueName\":\"search_term_string\"}}],\"inLanguage\":\"es\"}]}<\/script>\n<!-- \/ Yoast SEO plugin. -->","yoast_head_json":{"title":"[:es]Be-free frasco[:en]Plastic jar Be-free[:] - Claldy","robots":{"index":"index","follow":"follow","max-snippet":"max-snippet:-1","max-image-preview":"max-image-preview:large","max-video-preview":"max-video-preview:-1"},"canonical":"https:\/\/www.claldy.com.uy\/es\/prod\/be-free\/be-free-frasco\/","og_locale":"es_ES","og_type":"article","og_title":"[:es]Be-free frasco[:en]Plastic jar Be-free[:] - Claldy","og_description":"[vc_row][vc_column width=\u00bb1\/2&#8243;][vc_gallery type=\u00bbnivo\u00bb interval=\u00bb3&#8243; images=\u00bb24291,24292&#8243; img_size=\u00bb500&#215;667&#8243;][\/vc_column][vc_column width=\u00bb1\/2&#8243;][vc_custom_heading text=\u00bbBe-free frasco\u00bb font_container=\u00bbtag:h2|font_size:40|text_align:left|color:%23006940&#8243; google_fonts=\u00bbfont_family:Roboto%20Condensed%3A300%2C300italic%2Cregular%2Citalic%2C700%2C700italic|font_style:400%20regular%3A400%3Anormal\u00bb][vc_column_text]Caracter\u00edsticas: El producto en consideraci\u00f3n...","og_url":"https:\/\/www.claldy.com.uy\/es\/prod\/be-free\/be-free-frasco\/","og_site_name":"Claldy","article_modified_time":"2023-02-10T20:25:30+00:00","og_image":[{"width":626,"height":835,"url":"https:\/\/www.claldy.com.uy\/sitio\/wp-content\/uploads\/2015\/02\/frasco_bee_frut.jpg","type":"image\/jpeg"}],"twitter_card":"summary_large_image","twitter_misc":{"Tiempo de lectura":"2 minutos"},"schema":{"@context":"https:\/\/schema.org","@graph":[{"@type":"WebPage","@id":"https:\/\/www.claldy.com.uy\/es\/prod\/be-free\/be-free-frasco\/","url":"https:\/\/www.claldy.com.uy\/es\/prod\/be-free\/be-free-frasco\/","name":"[:es]Be-free frasco[:en]Plastic jar Be-free[:] - Claldy","isPartOf":{"@id":"https:\/\/www.claldy.com.uy\/es\/#website"},"primaryImageOfPage":{"@id":"https:\/\/www.claldy.com.uy\/es\/prod\/be-free\/be-free-frasco\/#primaryimage"},"image":{"@id":"https:\/\/www.claldy.com.uy\/es\/prod\/be-free\/be-free-frasco\/#primaryimage"},"thumbnailUrl":"https:\/\/www.claldy.com.uy\/sitio\/wp-content\/uploads\/2015\/02\/frasco_bee_frut.jpg","datePublished":"2015-02-25T14:26:33+00:00","dateModified":"2023-02-10T20:25:30+00:00","breadcrumb":{"@id":"https:\/\/www.claldy.com.uy\/es\/prod\/be-free\/be-free-frasco\/#breadcrumb"},"inLanguage":"es","potentialAction":[{"@type":"ReadAction","target":["https:\/\/www.claldy.com.uy\/es\/prod\/be-free\/be-free-frasco\/"]}]},{"@type":"ImageObject","inLanguage":"es","@id":"https:\/\/www.claldy.com.uy\/es\/prod\/be-free\/be-free-frasco\/#primaryimage","url":"https:\/\/www.claldy.com.uy\/sitio\/wp-content\/uploads\/2015\/02\/frasco_bee_frut.jpg","contentUrl":"https:\/\/www.claldy.com.uy\/sitio\/wp-content\/uploads\/2015\/02\/frasco_bee_frut.jpg","width":626,"height":835},{"@type":"BreadcrumbList","@id":"https:\/\/www.claldy.com.uy\/es\/prod\/be-free\/be-free-frasco\/#breadcrumb","itemListElement":[{"@type":"ListItem","position":1,"name":"Portada","item":"https:\/\/www.claldy.com.uy\/"},{"@type":"ListItem","position":2,"name":"Products","item":"https:\/\/www.claldy.com.uy\/en\/prod\/"},{"@type":"ListItem","position":3,"name":"Be-free","item":"https:\/\/www.claldy.com.uy\/es\/prod\/be-free\/"},{"@type":"ListItem","position":4,"name":"Be-free frasco"}]},{"@type":"WebSite","@id":"https:\/\/www.claldy.com.uy\/es\/#website","url":"https:\/\/www.claldy.com.uy\/es\/","name":"Claldy","description":"Compa\u00f1\u00eda L\u00e1ctea Agropecuaria Lecheros de Young S.A | Uruguay","potentialAction":[{"@type":"SearchAction","target":{"@type":"EntryPoint","urlTemplate":"https:\/\/www.claldy.com.uy\/es\/?s={search_term_string}"},"query-input":{"@type":"PropertyValueSpecification","valueRequired":true,"valueName":"search_term_string"}}],"inLanguage":"es"}]}},"_links":{"self":[{"href":"https:\/\/www.claldy.com.uy\/es\/wp-json\/wp\/v2\/pages\/22574","targetHints":{"allow":["GET"]}}],"collection":[{"href":"https:\/\/www.claldy.com.uy\/es\/wp-json\/wp\/v2\/pages"}],"about":[{"href":"https:\/\/www.claldy.com.uy\/es\/wp-json\/wp\/v2\/types\/page"}],"author":[{"embeddable":true,"href":"https:\/\/www.claldy.com.uy\/es\/wp-json\/wp\/v2\/users\/1"}],"replies":[{"embeddable":true,"href":"https:\/\/www.claldy.com.uy\/es\/wp-json\/wp\/v2\/comments?post=22574"}],"version-history":[{"count":12,"href":"https:\/\/www.claldy.com.uy\/es\/wp-json\/wp\/v2\/pages\/22574\/revisions"}],"predecessor-version":[{"id":24293,"href":"https:\/\/www.claldy.com.uy\/es\/wp-json\/wp\/v2\/pages\/22574\/revisions\/24293"}],"up":[{"embeddable":true,"href":"https:\/\/www.claldy.com.uy\/es\/wp-json\/wp\/v2\/pages\/22383"}],"wp:featuredmedia":[{"embeddable":true,"href":"https:\/\/www.claldy.com.uy\/es\/wp-json\/wp\/v2\/media\/22737"}],"wp:attachment":[{"href":"https:\/\/www.claldy.com.uy\/es\/wp-json\/wp\/v2\/media?parent=22574"}],"curies":[{"name":"wp","href":"https:\/\/api.w.org\/{rel}","templated":true}]}}