{"id":22605,"date":"2015-02-25T15:05:57","date_gmt":"2015-02-25T15:05:57","guid":{"rendered":"http:\/\/www.claldy.com\/sitio\/?page_id=22605"},"modified":"2021-04-01T14:09:56","modified_gmt":"2021-04-01T14:09:56","slug":"refresco-lacteo","status":"publish","type":"page","link":"https:\/\/www.claldy.com.uy\/es\/prod\/p04\/refresco-lacteo\/","title":{"rendered":"Refresco l\u00e1cteo"},"content":{"rendered":"<div class=\"wpb-content-wrapper\"><p>[vc_row][vc_column width=\u00bb1\/2&#8243;][vc_gallery type=\u00bbnivo\u00bb interval=\u00bb3&#8243; images=\u00bb23810,23809&#8243; img_size=\u00bb500&#215;667&#8243;][\/vc_column][vc_column width=\u00bb1\/2&#8243;][vc_custom_heading text=\u00bbRefresco l\u00e1cteo\u00bb font_container=\u00bbtag:h2|font_size:40|text_align:left|color:%23006940&#8243; google_fonts=\u00bbfont_family:Roboto%20Condensed%3A300%2C300italic%2Cregular%2Citalic%2C700%2C700italic|font_style:400%20regular%3A400%3Anormal\u00bb][vc_column_text]<strong>Caracter\u00edsticas:<br \/>\n<\/strong> El producto en consideraci\u00f3n es una bebida l\u00e1ctea. Presenta las siguientes caracter\u00edsticas: az\u00facar agregado y parcialmente descremado.<\/p>\n<p><strong>Par\u00e1metros:<\/strong><br \/>\nMateria grasa promedio: 2,2%.<\/p>\n<p>Producto listo para el consumo. Puede ser consumido para el desayuno, la merienda, como postre y como colaci\u00f3n.<\/p>\n<p><strong>Producto libre de gluten, apto para cel\u00edacos.<\/strong>[\/vc_column_text][\/vc_column][\/vc_row][vc_row][vc_column width=\u00bb1\/6&#8243;][\/vc_column][vc_column width=\u00bb1\/6&#8243;][\/vc_column][vc_column width=\u00bb1\/6&#8243;][\/vc_column][vc_column width=\u00bb1\/6&#8243;][vc_facebook type=\u00bbbox_count\u00bb][\/vc_column][vc_column width=\u00bb1\/6&#8243;][vc_tweetmeme type=\u00bbhorizontal\u00bb][\/vc_column][vc_column width=\u00bb1\/6&#8243;][vc_googleplus annotation=\u00bbinline\u00bb][\/vc_column][\/vc_row]<\/p>\n<\/div>","protected":false},"excerpt":{"rendered":"<p>[vc_row][vc_column width=\u00bb1\/2&#8243;][vc_gallery type=\u00bbnivo\u00bb interval=\u00bb3&#8243; images=\u00bb23810,23809&#8243; img_size=\u00bb500&#215;667&#8243;][\/vc_column][vc_column width=\u00bb1\/2&#8243;][vc_custom_heading text=\u00bbRefresco l\u00e1cteo\u00bb font_container=\u00bbtag:h2|font_size:40|text_align:left|color:%23006940&#8243; google_fonts=\u00bbfont_family:Roboto%20Condensed%3A300%2C300italic%2Cregular%2Citalic%2C700%2C700italic|font_style:400%20regular%3A400%3Anormal\u00bb][vc_column_text]Caracter\u00edsticas: El producto en consideraci\u00f3n&#8230;<\/p>\n","protected":false},"author":1,"featured_media":0,"parent":22387,"menu_order":0,"comment_status":"open","ping_status":"closed","template":"","meta":{"footnotes":""},"class_list":["post-22605","page","type-page","status-publish","hentry"],"yoast_head":"<!-- This site is optimized with the Yoast SEO plugin v24.1 - https:\/\/yoast.com\/wordpress\/plugins\/seo\/ -->\n<title>Refresco l\u00e1cteo - Claldy<\/title>\n<meta name=\"robots\" content=\"index, follow, max-snippet:-1, max-image-preview:large, max-video-preview:-1\" \/>\n<link rel=\"canonical\" href=\"https:\/\/www.claldy.com.uy\/es\/prod\/p04\/refresco-lacteo\/\" \/>\n<meta property=\"og:locale\" content=\"es_ES\" \/>\n<meta property=\"og:type\" content=\"article\" \/>\n<meta property=\"og:title\" content=\"[:es]Refresco l\u00e1cteo[:en]Milk drink[:] - Claldy\" \/>\n<meta property=\"og:description\" content=\"[vc_row][vc_column width=\u00bb1\/2&#8243;][vc_gallery type=\u00bbnivo\u00bb interval=\u00bb3&#8243; images=\u00bb23810,23809&#8243; img_size=\u00bb500&#215;667&#8243;][\/vc_column][vc_column width=\u00bb1\/2&#8243;][vc_custom_heading text=\u00bbRefresco l\u00e1cteo\u00bb font_container=\u00bbtag:h2|font_size:40|text_align:left|color:%23006940&#8243; google_fonts=\u00bbfont_family:Roboto%20Condensed%3A300%2C300italic%2Cregular%2Citalic%2C700%2C700italic|font_style:400%20regular%3A400%3Anormal\u00bb][vc_column_text]Caracter\u00edsticas: El producto en consideraci\u00f3n...\" \/>\n<meta property=\"og:url\" content=\"https:\/\/www.claldy.com.uy\/es\/prod\/p04\/refresco-lacteo\/\" \/>\n<meta property=\"og:site_name\" content=\"Claldy\" \/>\n<meta property=\"article:modified_time\" content=\"2021-04-01T14:09:56+00:00\" \/>\n<meta name=\"twitter:card\" content=\"summary_large_image\" \/>\n<meta name=\"twitter:label1\" content=\"Tiempo de lectura\" \/>\n\t<meta name=\"twitter:data1\" content=\"2 minutos\" \/>\n<script type=\"application\/ld+json\" class=\"yoast-schema-graph\">{\"@context\":\"https:\/\/schema.org\",\"@graph\":[{\"@type\":\"WebPage\",\"@id\":\"https:\/\/www.claldy.com.uy\/es\/prod\/p04\/refresco-lacteo\/\",\"url\":\"https:\/\/www.claldy.com.uy\/es\/prod\/p04\/refresco-lacteo\/\",\"name\":\"[:es]Refresco l\u00e1cteo[:en]Milk drink[:] - Claldy\",\"isPartOf\":{\"@id\":\"https:\/\/www.claldy.com.uy\/es\/#website\"},\"datePublished\":\"2015-02-25T15:05:57+00:00\",\"dateModified\":\"2021-04-01T14:09:56+00:00\",\"breadcrumb\":{\"@id\":\"https:\/\/www.claldy.com.uy\/es\/prod\/p04\/refresco-lacteo\/#breadcrumb\"},\"inLanguage\":\"es\",\"potentialAction\":[{\"@type\":\"ReadAction\",\"target\":[\"https:\/\/www.claldy.com.uy\/es\/prod\/p04\/refresco-lacteo\/\"]}]},{\"@type\":\"BreadcrumbList\",\"@id\":\"https:\/\/www.claldy.com.uy\/es\/prod\/p04\/refresco-lacteo\/#breadcrumb\",\"itemListElement\":[{\"@type\":\"ListItem\",\"position\":1,\"name\":\"Portada\",\"item\":\"https:\/\/www.claldy.com.uy\/\"},{\"@type\":\"ListItem\",\"position\":2,\"name\":\"Products\",\"item\":\"https:\/\/www.claldy.com.uy\/en\/prod\/\"},{\"@type\":\"ListItem\",\"position\":3,\"name\":\"Bebibles\",\"item\":\"https:\/\/www.claldy.com.uy\/es\/prod\/p04\/\"},{\"@type\":\"ListItem\",\"position\":4,\"name\":\"Refresco l\u00e1cteo\"}]},{\"@type\":\"WebSite\",\"@id\":\"https:\/\/www.claldy.com.uy\/es\/#website\",\"url\":\"https:\/\/www.claldy.com.uy\/es\/\",\"name\":\"Claldy\",\"description\":\"Compa\u00f1\u00eda L\u00e1ctea Agropecuaria Lecheros de Young S.A | Uruguay\",\"potentialAction\":[{\"@type\":\"SearchAction\",\"target\":{\"@type\":\"EntryPoint\",\"urlTemplate\":\"https:\/\/www.claldy.com.uy\/es\/?s={search_term_string}\"},\"query-input\":{\"@type\":\"PropertyValueSpecification\",\"valueRequired\":true,\"valueName\":\"search_term_string\"}}],\"inLanguage\":\"es\"}]}<\/script>\n<!-- \/ Yoast SEO plugin. -->","yoast_head_json":{"title":"[:es]Refresco l\u00e1cteo[:en]Milk drink[:] - Claldy","robots":{"index":"index","follow":"follow","max-snippet":"max-snippet:-1","max-image-preview":"max-image-preview:large","max-video-preview":"max-video-preview:-1"},"canonical":"https:\/\/www.claldy.com.uy\/es\/prod\/p04\/refresco-lacteo\/","og_locale":"es_ES","og_type":"article","og_title":"[:es]Refresco l\u00e1cteo[:en]Milk drink[:] - Claldy","og_description":"[vc_row][vc_column width=\u00bb1\/2&#8243;][vc_gallery type=\u00bbnivo\u00bb interval=\u00bb3&#8243; images=\u00bb23810,23809&#8243; img_size=\u00bb500&#215;667&#8243;][\/vc_column][vc_column width=\u00bb1\/2&#8243;][vc_custom_heading text=\u00bbRefresco l\u00e1cteo\u00bb font_container=\u00bbtag:h2|font_size:40|text_align:left|color:%23006940&#8243; google_fonts=\u00bbfont_family:Roboto%20Condensed%3A300%2C300italic%2Cregular%2Citalic%2C700%2C700italic|font_style:400%20regular%3A400%3Anormal\u00bb][vc_column_text]Caracter\u00edsticas: El producto en consideraci\u00f3n...","og_url":"https:\/\/www.claldy.com.uy\/es\/prod\/p04\/refresco-lacteo\/","og_site_name":"Claldy","article_modified_time":"2021-04-01T14:09:56+00:00","twitter_card":"summary_large_image","twitter_misc":{"Tiempo de lectura":"2 minutos"},"schema":{"@context":"https:\/\/schema.org","@graph":[{"@type":"WebPage","@id":"https:\/\/www.claldy.com.uy\/es\/prod\/p04\/refresco-lacteo\/","url":"https:\/\/www.claldy.com.uy\/es\/prod\/p04\/refresco-lacteo\/","name":"[:es]Refresco l\u00e1cteo[:en]Milk drink[:] - Claldy","isPartOf":{"@id":"https:\/\/www.claldy.com.uy\/es\/#website"},"datePublished":"2015-02-25T15:05:57+00:00","dateModified":"2021-04-01T14:09:56+00:00","breadcrumb":{"@id":"https:\/\/www.claldy.com.uy\/es\/prod\/p04\/refresco-lacteo\/#breadcrumb"},"inLanguage":"es","potentialAction":[{"@type":"ReadAction","target":["https:\/\/www.claldy.com.uy\/es\/prod\/p04\/refresco-lacteo\/"]}]},{"@type":"BreadcrumbList","@id":"https:\/\/www.claldy.com.uy\/es\/prod\/p04\/refresco-lacteo\/#breadcrumb","itemListElement":[{"@type":"ListItem","position":1,"name":"Portada","item":"https:\/\/www.claldy.com.uy\/"},{"@type":"ListItem","position":2,"name":"Products","item":"https:\/\/www.claldy.com.uy\/en\/prod\/"},{"@type":"ListItem","position":3,"name":"Bebibles","item":"https:\/\/www.claldy.com.uy\/es\/prod\/p04\/"},{"@type":"ListItem","position":4,"name":"Refresco l\u00e1cteo"}]},{"@type":"WebSite","@id":"https:\/\/www.claldy.com.uy\/es\/#website","url":"https:\/\/www.claldy.com.uy\/es\/","name":"Claldy","description":"Compa\u00f1\u00eda L\u00e1ctea Agropecuaria Lecheros de Young S.A | Uruguay","potentialAction":[{"@type":"SearchAction","target":{"@type":"EntryPoint","urlTemplate":"https:\/\/www.claldy.com.uy\/es\/?s={search_term_string}"},"query-input":{"@type":"PropertyValueSpecification","valueRequired":true,"valueName":"search_term_string"}}],"inLanguage":"es"}]}},"_links":{"self":[{"href":"https:\/\/www.claldy.com.uy\/es\/wp-json\/wp\/v2\/pages\/22605","targetHints":{"allow":["GET"]}}],"collection":[{"href":"https:\/\/www.claldy.com.uy\/es\/wp-json\/wp\/v2\/pages"}],"about":[{"href":"https:\/\/www.claldy.com.uy\/es\/wp-json\/wp\/v2\/types\/page"}],"author":[{"embeddable":true,"href":"https:\/\/www.claldy.com.uy\/es\/wp-json\/wp\/v2\/users\/1"}],"replies":[{"embeddable":true,"href":"https:\/\/www.claldy.com.uy\/es\/wp-json\/wp\/v2\/comments?post=22605"}],"version-history":[{"count":14,"href":"https:\/\/www.claldy.com.uy\/es\/wp-json\/wp\/v2\/pages\/22605\/revisions"}],"predecessor-version":[{"id":24077,"href":"https:\/\/www.claldy.com.uy\/es\/wp-json\/wp\/v2\/pages\/22605\/revisions\/24077"}],"up":[{"embeddable":true,"href":"https:\/\/www.claldy.com.uy\/es\/wp-json\/wp\/v2\/pages\/22387"}],"wp:attachment":[{"href":"https:\/\/www.claldy.com.uy\/es\/wp-json\/wp\/v2\/media?parent=22605"}],"curies":[{"name":"wp","href":"https:\/\/api.w.org\/{rel}","templated":true}]}}