{"id":22610,"date":"2015-02-25T15:13:14","date_gmt":"2015-02-25T15:13:14","guid":{"rendered":"http:\/\/www.claldy.com\/sitio\/?page_id=22610"},"modified":"2023-02-14T16:04:14","modified_gmt":"2023-02-14T16:04:14","slug":"gambu-untable","status":"publish","type":"page","link":"https:\/\/www.claldy.com.uy\/es\/prod\/quesos\/gambu-untable\/","title":{"rendered":"Cremas de queso"},"content":{"rendered":"<div class=\"wpb-content-wrapper\"><p>[vc_row][vc_column width=\u00bb1\/2&#8243;][vc_gallery type=\u00bbnivo\u00bb interval=\u00bb3&#8243; images=\u00bb24321,24304,24331,24330&#8243; img_size=\u00bb500&#215;375&#8243;][\/vc_column][vc_column width=\u00bb1\/2&#8243;][vc_custom_heading text=\u00bbCremas de Queso\u00bb font_container=\u00bbtag:h2|font_size:40|text_align:left|color:%23006940&#8243; google_fonts=\u00bbfont_family:Roboto%20Condensed%3A300%2C300italic%2Cregular%2Citalic%2C700%2C700italic|font_style:400%20regular%3A400%3Anormal\u00bb][vc_column_text]<strong>Caracter\u00edsticas:<br \/>\n<\/strong>\u00a0El GAMB\u00da es un queso procesado, que se obtiene mezclando y fusionando quesos seleccionados con otros ingredientes, por medio de la acci\u00f3n del calor y de los agentes emulsionantes. El producto es sometido a un calentamiento m\u00ednimo de 85\u00b0C.<\/p>\n<p><strong>Par\u00e1metros:<\/strong><br \/>\nHumedad: 51 &#8211; 55%<br \/>\nMateria grasa: 18 &#8211; 24%.<\/p>\n<p>El producto es ideal para ser utilizado en la elaboraci\u00f3n de alimentos (pastas, tartas, empanadas) y para ser consumido en el desayuno y la merienda.<br \/>\n<strong>Producto libre de gluten, apto para cel\u00edacos.<\/strong>[\/vc_column_text][vc_custom_heading text=\u00bbREQUES\u00d3N LIGHT\u00bb font_container=\u00bbtag:h2|font_size:40|text_align:left|color:%23006940&#8243; google_fonts=\u00bbfont_family:Roboto%20Condensed%3A300%2C300italic%2Cregular%2Citalic%2C700%2C700italic|font_style:400%20regular%3A400%3Anormal\u00bb][vc_column_text]<\/p>\n<h2 class=\"vc_custom_heading\"><strong style=\"font-size: 16px;\">Caracter\u00edsticas:<\/strong><\/h2>\n<div class=\"wpb_text_column wpb_content_element \">\n<div class=\"wpb_wrapper\">\n<p>El\u00a0Reques\u00f3n Light es un queso procesado, que se obtiene mezclando y fusionando quesos seleccionados con otros ingredientes, por medio de la acci\u00f3n del calor y de los agentes emulsionantes. El producto es sometido a un calentamiento m\u00ednimo de 80\u00b0C. El producto est\u00e1 41% reducido en materia grasa respecto a la crema de queso Claldy<\/p>\n<p><strong>Par\u00e1metros:<br \/>\n<\/strong>Humedad &lt; 70 % Materia grasa: 10%. El producto es ideal para ser consumido en el desayuno y la merienda. Adem\u00e1s, puede ser usado en la elaboraci\u00f3n de dips, ensaladas, postres y dem\u00e1s preparaciones alimenticias.\u00a0<strong>Producto libre de gluten, apto para cel\u00edacos.<\/strong><\/p>\n<\/div>\n<\/div>\n<p>[\/vc_column_text][\/vc_column][\/vc_row][vc_row][vc_column width=\u00bb1\/6&#8243;][\/vc_column][vc_column width=\u00bb1\/6&#8243;][\/vc_column][vc_column width=\u00bb1\/6&#8243;][\/vc_column][vc_column width=\u00bb1\/6&#8243;][vc_facebook type=\u00bbbox_count\u00bb][\/vc_column][vc_column width=\u00bb1\/6&#8243;][vc_tweetmeme type=\u00bbhorizontal\u00bb][\/vc_column][vc_column width=\u00bb1\/6&#8243;][vc_googleplus annotation=\u00bbinline\u00bb][\/vc_column][\/vc_row]<\/p>\n<\/div>","protected":false},"excerpt":{"rendered":"<p>[vc_row][vc_column width=\u00bb1\/2&#8243;][vc_gallery type=\u00bbnivo\u00bb interval=\u00bb3&#8243; images=\u00bb24321,24304,24331,24330&#8243; img_size=\u00bb500&#215;375&#8243;][\/vc_column][vc_column width=\u00bb1\/2&#8243;][vc_custom_heading text=\u00bbCremas de Queso\u00bb font_container=\u00bbtag:h2|font_size:40|text_align:left|color:%23006940&#8243; google_fonts=\u00bbfont_family:Roboto%20Condensed%3A300%2C300italic%2Cregular%2Citalic%2C700%2C700italic|font_style:400%20regular%3A400%3Anormal\u00bb][vc_column_text]Caracter\u00edsticas: \u00a0El GAMB\u00da es&#8230;<\/p>\n","protected":false},"author":1,"featured_media":24358,"parent":22390,"menu_order":0,"comment_status":"open","ping_status":"closed","template":"","meta":{"footnotes":""},"class_list":["post-22610","page","type-page","status-publish","has-post-thumbnail","hentry"],"yoast_head":"<!-- This site is optimized with the Yoast SEO plugin v24.1 - https:\/\/yoast.com\/wordpress\/plugins\/seo\/ -->\n<title>Cremas de queso - Claldy<\/title>\n<meta name=\"robots\" content=\"index, follow, max-snippet:-1, max-image-preview:large, max-video-preview:-1\" \/>\n<link rel=\"canonical\" href=\"https:\/\/www.claldy.com.uy\/es\/prod\/quesos\/gambu-untable\/\" \/>\n<meta property=\"og:locale\" content=\"es_ES\" \/>\n<meta property=\"og:type\" content=\"article\" \/>\n<meta property=\"og:title\" content=\"[:es]Cremas de queso[:en]Gamb\u00fa Cheese Spread[:] - Claldy\" \/>\n<meta property=\"og:description\" content=\"[vc_row][vc_column width=\u00bb1\/2&#8243;][vc_gallery type=\u00bbnivo\u00bb interval=\u00bb3&#8243; images=\u00bb24321,24304,24331,24330&#8243; img_size=\u00bb500&#215;375&#8243;][\/vc_column][vc_column width=\u00bb1\/2&#8243;][vc_custom_heading text=\u00bbCremas de Queso\u00bb font_container=\u00bbtag:h2|font_size:40|text_align:left|color:%23006940&#8243; google_fonts=\u00bbfont_family:Roboto%20Condensed%3A300%2C300italic%2Cregular%2Citalic%2C700%2C700italic|font_style:400%20regular%3A400%3Anormal\u00bb][vc_column_text]Caracter\u00edsticas: \u00a0El GAMB\u00da es...\" \/>\n<meta property=\"og:url\" content=\"https:\/\/www.claldy.com.uy\/es\/prod\/quesos\/gambu-untable\/\" \/>\n<meta property=\"og:site_name\" content=\"Claldy\" \/>\n<meta property=\"article:modified_time\" content=\"2023-02-14T16:04:14+00:00\" \/>\n<meta property=\"og:image\" content=\"https:\/\/www.claldy.com.uy\/sitio\/wp-content\/uploads\/2023\/02\/cremas_ok-copia.jpg\" \/>\n\t<meta property=\"og:image:width\" content=\"835\" \/>\n\t<meta property=\"og:image:height\" content=\"626\" \/>\n\t<meta property=\"og:image:type\" content=\"image\/jpeg\" \/>\n<meta name=\"twitter:card\" content=\"summary_large_image\" \/>\n<meta name=\"twitter:label1\" content=\"Tiempo de lectura\" \/>\n\t<meta name=\"twitter:data1\" content=\"3 minutos\" \/>\n<script type=\"application\/ld+json\" class=\"yoast-schema-graph\">{\"@context\":\"https:\/\/schema.org\",\"@graph\":[{\"@type\":\"WebPage\",\"@id\":\"https:\/\/www.claldy.com.uy\/es\/prod\/quesos\/gambu-untable\/\",\"url\":\"https:\/\/www.claldy.com.uy\/es\/prod\/quesos\/gambu-untable\/\",\"name\":\"[:es]Cremas de queso[:en]Gamb\u00fa Cheese Spread[:] - Claldy\",\"isPartOf\":{\"@id\":\"https:\/\/www.claldy.com.uy\/es\/#website\"},\"primaryImageOfPage\":{\"@id\":\"https:\/\/www.claldy.com.uy\/es\/prod\/quesos\/gambu-untable\/#primaryimage\"},\"image\":{\"@id\":\"https:\/\/www.claldy.com.uy\/es\/prod\/quesos\/gambu-untable\/#primaryimage\"},\"thumbnailUrl\":\"https:\/\/www.claldy.com.uy\/sitio\/wp-content\/uploads\/2023\/02\/cremas_ok-copia.jpg\",\"datePublished\":\"2015-02-25T15:13:14+00:00\",\"dateModified\":\"2023-02-14T16:04:14+00:00\",\"breadcrumb\":{\"@id\":\"https:\/\/www.claldy.com.uy\/es\/prod\/quesos\/gambu-untable\/#breadcrumb\"},\"inLanguage\":\"es\",\"potentialAction\":[{\"@type\":\"ReadAction\",\"target\":[\"https:\/\/www.claldy.com.uy\/es\/prod\/quesos\/gambu-untable\/\"]}]},{\"@type\":\"ImageObject\",\"inLanguage\":\"es\",\"@id\":\"https:\/\/www.claldy.com.uy\/es\/prod\/quesos\/gambu-untable\/#primaryimage\",\"url\":\"https:\/\/www.claldy.com.uy\/sitio\/wp-content\/uploads\/2023\/02\/cremas_ok-copia.jpg\",\"contentUrl\":\"https:\/\/www.claldy.com.uy\/sitio\/wp-content\/uploads\/2023\/02\/cremas_ok-copia.jpg\",\"width\":835,\"height\":626},{\"@type\":\"BreadcrumbList\",\"@id\":\"https:\/\/www.claldy.com.uy\/es\/prod\/quesos\/gambu-untable\/#breadcrumb\",\"itemListElement\":[{\"@type\":\"ListItem\",\"position\":1,\"name\":\"Portada\",\"item\":\"https:\/\/www.claldy.com.uy\/\"},{\"@type\":\"ListItem\",\"position\":2,\"name\":\"Products\",\"item\":\"https:\/\/www.claldy.com.uy\/en\/prod\/\"},{\"@type\":\"ListItem\",\"position\":3,\"name\":\"Cheese\",\"item\":\"https:\/\/www.claldy.com.uy\/en\/prod\/quesos\/\"},{\"@type\":\"ListItem\",\"position\":4,\"name\":\"Cremas de queso\"}]},{\"@type\":\"WebSite\",\"@id\":\"https:\/\/www.claldy.com.uy\/es\/#website\",\"url\":\"https:\/\/www.claldy.com.uy\/es\/\",\"name\":\"Claldy\",\"description\":\"Compa\u00f1\u00eda L\u00e1ctea Agropecuaria Lecheros de Young S.A | Uruguay\",\"potentialAction\":[{\"@type\":\"SearchAction\",\"target\":{\"@type\":\"EntryPoint\",\"urlTemplate\":\"https:\/\/www.claldy.com.uy\/es\/?s={search_term_string}\"},\"query-input\":{\"@type\":\"PropertyValueSpecification\",\"valueRequired\":true,\"valueName\":\"search_term_string\"}}],\"inLanguage\":\"es\"}]}<\/script>\n<!-- \/ Yoast SEO plugin. -->","yoast_head_json":{"title":"[:es]Cremas de queso[:en]Gamb\u00fa Cheese Spread[:] - Claldy","robots":{"index":"index","follow":"follow","max-snippet":"max-snippet:-1","max-image-preview":"max-image-preview:large","max-video-preview":"max-video-preview:-1"},"canonical":"https:\/\/www.claldy.com.uy\/es\/prod\/quesos\/gambu-untable\/","og_locale":"es_ES","og_type":"article","og_title":"[:es]Cremas de queso[:en]Gamb\u00fa Cheese Spread[:] - Claldy","og_description":"[vc_row][vc_column width=\u00bb1\/2&#8243;][vc_gallery type=\u00bbnivo\u00bb interval=\u00bb3&#8243; images=\u00bb24321,24304,24331,24330&#8243; img_size=\u00bb500&#215;375&#8243;][\/vc_column][vc_column width=\u00bb1\/2&#8243;][vc_custom_heading text=\u00bbCremas de Queso\u00bb font_container=\u00bbtag:h2|font_size:40|text_align:left|color:%23006940&#8243; google_fonts=\u00bbfont_family:Roboto%20Condensed%3A300%2C300italic%2Cregular%2Citalic%2C700%2C700italic|font_style:400%20regular%3A400%3Anormal\u00bb][vc_column_text]Caracter\u00edsticas: \u00a0El GAMB\u00da es...","og_url":"https:\/\/www.claldy.com.uy\/es\/prod\/quesos\/gambu-untable\/","og_site_name":"Claldy","article_modified_time":"2023-02-14T16:04:14+00:00","og_image":[{"width":835,"height":626,"url":"https:\/\/www.claldy.com.uy\/sitio\/wp-content\/uploads\/2023\/02\/cremas_ok-copia.jpg","type":"image\/jpeg"}],"twitter_card":"summary_large_image","twitter_misc":{"Tiempo de lectura":"3 minutos"},"schema":{"@context":"https:\/\/schema.org","@graph":[{"@type":"WebPage","@id":"https:\/\/www.claldy.com.uy\/es\/prod\/quesos\/gambu-untable\/","url":"https:\/\/www.claldy.com.uy\/es\/prod\/quesos\/gambu-untable\/","name":"[:es]Cremas de queso[:en]Gamb\u00fa Cheese Spread[:] - Claldy","isPartOf":{"@id":"https:\/\/www.claldy.com.uy\/es\/#website"},"primaryImageOfPage":{"@id":"https:\/\/www.claldy.com.uy\/es\/prod\/quesos\/gambu-untable\/#primaryimage"},"image":{"@id":"https:\/\/www.claldy.com.uy\/es\/prod\/quesos\/gambu-untable\/#primaryimage"},"thumbnailUrl":"https:\/\/www.claldy.com.uy\/sitio\/wp-content\/uploads\/2023\/02\/cremas_ok-copia.jpg","datePublished":"2015-02-25T15:13:14+00:00","dateModified":"2023-02-14T16:04:14+00:00","breadcrumb":{"@id":"https:\/\/www.claldy.com.uy\/es\/prod\/quesos\/gambu-untable\/#breadcrumb"},"inLanguage":"es","potentialAction":[{"@type":"ReadAction","target":["https:\/\/www.claldy.com.uy\/es\/prod\/quesos\/gambu-untable\/"]}]},{"@type":"ImageObject","inLanguage":"es","@id":"https:\/\/www.claldy.com.uy\/es\/prod\/quesos\/gambu-untable\/#primaryimage","url":"https:\/\/www.claldy.com.uy\/sitio\/wp-content\/uploads\/2023\/02\/cremas_ok-copia.jpg","contentUrl":"https:\/\/www.claldy.com.uy\/sitio\/wp-content\/uploads\/2023\/02\/cremas_ok-copia.jpg","width":835,"height":626},{"@type":"BreadcrumbList","@id":"https:\/\/www.claldy.com.uy\/es\/prod\/quesos\/gambu-untable\/#breadcrumb","itemListElement":[{"@type":"ListItem","position":1,"name":"Portada","item":"https:\/\/www.claldy.com.uy\/"},{"@type":"ListItem","position":2,"name":"Products","item":"https:\/\/www.claldy.com.uy\/en\/prod\/"},{"@type":"ListItem","position":3,"name":"Cheese","item":"https:\/\/www.claldy.com.uy\/en\/prod\/quesos\/"},{"@type":"ListItem","position":4,"name":"Cremas de queso"}]},{"@type":"WebSite","@id":"https:\/\/www.claldy.com.uy\/es\/#website","url":"https:\/\/www.claldy.com.uy\/es\/","name":"Claldy","description":"Compa\u00f1\u00eda L\u00e1ctea Agropecuaria Lecheros de Young S.A | Uruguay","potentialAction":[{"@type":"SearchAction","target":{"@type":"EntryPoint","urlTemplate":"https:\/\/www.claldy.com.uy\/es\/?s={search_term_string}"},"query-input":{"@type":"PropertyValueSpecification","valueRequired":true,"valueName":"search_term_string"}}],"inLanguage":"es"}]}},"_links":{"self":[{"href":"https:\/\/www.claldy.com.uy\/es\/wp-json\/wp\/v2\/pages\/22610","targetHints":{"allow":["GET"]}}],"collection":[{"href":"https:\/\/www.claldy.com.uy\/es\/wp-json\/wp\/v2\/pages"}],"about":[{"href":"https:\/\/www.claldy.com.uy\/es\/wp-json\/wp\/v2\/types\/page"}],"author":[{"embeddable":true,"href":"https:\/\/www.claldy.com.uy\/es\/wp-json\/wp\/v2\/users\/1"}],"replies":[{"embeddable":true,"href":"https:\/\/www.claldy.com.uy\/es\/wp-json\/wp\/v2\/comments?post=22610"}],"version-history":[{"count":9,"href":"https:\/\/www.claldy.com.uy\/es\/wp-json\/wp\/v2\/pages\/22610\/revisions"}],"predecessor-version":[{"id":24364,"href":"https:\/\/www.claldy.com.uy\/es\/wp-json\/wp\/v2\/pages\/22610\/revisions\/24364"}],"up":[{"embeddable":true,"href":"https:\/\/www.claldy.com.uy\/es\/wp-json\/wp\/v2\/pages\/22390"}],"wp:featuredmedia":[{"embeddable":true,"href":"https:\/\/www.claldy.com.uy\/es\/wp-json\/wp\/v2\/media\/24358"}],"wp:attachment":[{"href":"https:\/\/www.claldy.com.uy\/es\/wp-json\/wp\/v2\/media?parent=22610"}],"curies":[{"name":"wp","href":"https:\/\/api.w.org\/{rel}","templated":true}]}}