{"id":22620,"date":"2015-02-25T15:20:54","date_gmt":"2015-02-25T15:20:54","guid":{"rendered":"http:\/\/www.claldy.com\/sitio\/?page_id=22620"},"modified":"2017-10-04T19:37:40","modified_gmt":"2017-10-04T19:37:40","slug":"queso-muzzarella","status":"publish","type":"page","link":"https:\/\/www.claldy.com.uy\/es\/prod\/quesos\/queso-muzzarella\/","title":{"rendered":"Queso muzzarella"},"content":{"rendered":"<div class=\"wpb-content-wrapper\"><p>[vc_row][vc_column width=\u00bb1\/2&#8243;][vc_single_image border_color=\u00bbgrey\u00bb img_link_target=\u00bb_self\u00bb style=\u00bbvc_box_rounded\u00bb image=\u00bb23841&#8243; img_size=\u00bb500&#215;375&#8243; img_link_large=\u00bbyes\u00bb][\/vc_column][vc_column width=\u00bb1\/2&#8243;][vc_custom_heading text=\u00bbQueso muzzarella\u00bb font_container=\u00bbtag:h2|font_size:40|text_align:left|color:%23006940&#8243; google_fonts=\u00bbfont_family:Roboto%20Condensed%3A300%2C300italic%2Cregular%2Citalic%2C700%2C700italic|font_style:400%20regular%3A400%3Anormal\u00bb][vc_column_text]<strong>Caracter\u00edsiticas:<br \/>\n<\/strong> La MUZZARELLA es un queso de pasta hilada semidura, semigraso de alta humedad. \u00a0Este presenta masa hilada, de textura fibrosa, el\u00e1stica y cerrada. El color es blanco a amarillento, uniforme. Se obtiene por la separaci\u00f3n del suero.<\/p>\n<p><strong>Par\u00e1metros:<\/strong><br \/>\nHumedad: < 47%\nMateria grasa: 21 - 25%.\n\nProducto listo para el consumo. Puede ser consumido s\u00f3lo o en la preparaci\u00f3n de alimentos.\n<strong>Producto libre de gluten, apto para cel\u00edacos.<\/strong>[\/vc_column_text][\/vc_column][\/vc_row][vc_row][vc_column width=\u00bb1\/6&#8243;][\/vc_column][vc_column width=\u00bb1\/6&#8243;][\/vc_column][vc_column width=\u00bb1\/6&#8243;][\/vc_column][vc_column width=\u00bb1\/6&#8243;][vc_facebook type=\u00bbbox_count\u00bb][\/vc_column][vc_column width=\u00bb1\/6&#8243;][vc_tweetmeme type=\u00bbhorizontal\u00bb][\/vc_column][vc_column width=\u00bb1\/6&#8243;][vc_googleplus annotation=\u00bbinline\u00bb][\/vc_column][\/vc_row]<\/p>\n<\/div>","protected":false},"excerpt":{"rendered":"<p>[vc_row][vc_column width=\u00bb1\/2&#8243;][vc_single_image border_color=\u00bbgrey\u00bb img_link_target=\u00bb_self\u00bb style=\u00bbvc_box_rounded\u00bb image=\u00bb23841&#8243; img_size=\u00bb500&#215;375&#8243; img_link_large=\u00bbyes\u00bb][\/vc_column][vc_column width=\u00bb1\/2&#8243;][vc_custom_heading text=\u00bbQueso muzzarella\u00bb font_container=\u00bbtag:h2|font_size:40|text_align:left|color:%23006940&#8243; google_fonts=\u00bbfont_family:Roboto%20Condensed%3A300%2C300italic%2Cregular%2Citalic%2C700%2C700italic|font_style:400%20regular%3A400%3Anormal\u00bb][vc_column_text]Caracter\u00edsiticas: La MUZZARELLA&#8230;<\/p>\n","protected":false},"author":1,"featured_media":23841,"parent":22390,"menu_order":0,"comment_status":"open","ping_status":"closed","template":"","meta":{"footnotes":""},"class_list":["post-22620","page","type-page","status-publish","has-post-thumbnail","hentry"],"yoast_head":"<!-- This site is optimized with the Yoast SEO plugin v24.1 - https:\/\/yoast.com\/wordpress\/plugins\/seo\/ -->\n<title>Queso muzzarella - Claldy<\/title>\n<meta name=\"robots\" content=\"index, follow, max-snippet:-1, max-image-preview:large, max-video-preview:-1\" \/>\n<link rel=\"canonical\" href=\"https:\/\/www.claldy.com.uy\/es\/prod\/quesos\/queso-muzzarella\/\" \/>\n<meta property=\"og:locale\" content=\"es_ES\" \/>\n<meta property=\"og:type\" content=\"article\" \/>\n<meta property=\"og:title\" content=\"[:es]Queso muzzarella[:en]Mozzarella Cheese[:] - Claldy\" \/>\n<meta property=\"og:description\" content=\"[vc_row][vc_column width=\u00bb1\/2&#8243;][vc_single_image border_color=\u00bbgrey\u00bb img_link_target=\u00bb_self\u00bb style=\u00bbvc_box_rounded\u00bb image=\u00bb23841&#8243; img_size=\u00bb500&#215;375&#8243; img_link_large=\u00bbyes\u00bb][\/vc_column][vc_column width=\u00bb1\/2&#8243;][vc_custom_heading text=\u00bbQueso muzzarella\u00bb font_container=\u00bbtag:h2|font_size:40|text_align:left|color:%23006940&#8243; google_fonts=\u00bbfont_family:Roboto%20Condensed%3A300%2C300italic%2Cregular%2Citalic%2C700%2C700italic|font_style:400%20regular%3A400%3Anormal\u00bb][vc_column_text]Caracter\u00edsiticas: La MUZZARELLA...\" \/>\n<meta property=\"og:url\" content=\"https:\/\/www.claldy.com.uy\/es\/prod\/quesos\/queso-muzzarella\/\" \/>\n<meta property=\"og:site_name\" content=\"Claldy\" \/>\n<meta property=\"article:modified_time\" content=\"2017-10-04T19:37:40+00:00\" \/>\n<meta property=\"og:image\" content=\"https:\/\/www.claldy.com.uy\/sitio\/wp-content\/uploads\/2015\/02\/muzza_queso2017.jpg\" \/>\n\t<meta property=\"og:image:width\" content=\"835\" \/>\n\t<meta property=\"og:image:height\" content=\"626\" \/>\n\t<meta property=\"og:image:type\" content=\"image\/jpeg\" \/>\n<meta name=\"twitter:card\" content=\"summary_large_image\" \/>\n<meta name=\"twitter:label1\" content=\"Tiempo de lectura\" \/>\n\t<meta name=\"twitter:data1\" content=\"2 minutos\" \/>\n<script type=\"application\/ld+json\" class=\"yoast-schema-graph\">{\"@context\":\"https:\/\/schema.org\",\"@graph\":[{\"@type\":\"WebPage\",\"@id\":\"https:\/\/www.claldy.com.uy\/es\/prod\/quesos\/queso-muzzarella\/\",\"url\":\"https:\/\/www.claldy.com.uy\/es\/prod\/quesos\/queso-muzzarella\/\",\"name\":\"[:es]Queso muzzarella[:en]Mozzarella Cheese[:] - Claldy\",\"isPartOf\":{\"@id\":\"https:\/\/www.claldy.com.uy\/es\/#website\"},\"primaryImageOfPage\":{\"@id\":\"https:\/\/www.claldy.com.uy\/es\/prod\/quesos\/queso-muzzarella\/#primaryimage\"},\"image\":{\"@id\":\"https:\/\/www.claldy.com.uy\/es\/prod\/quesos\/queso-muzzarella\/#primaryimage\"},\"thumbnailUrl\":\"https:\/\/www.claldy.com.uy\/sitio\/wp-content\/uploads\/2015\/02\/muzza_queso2017.jpg\",\"datePublished\":\"2015-02-25T15:20:54+00:00\",\"dateModified\":\"2017-10-04T19:37:40+00:00\",\"breadcrumb\":{\"@id\":\"https:\/\/www.claldy.com.uy\/es\/prod\/quesos\/queso-muzzarella\/#breadcrumb\"},\"inLanguage\":\"es\",\"potentialAction\":[{\"@type\":\"ReadAction\",\"target\":[\"https:\/\/www.claldy.com.uy\/es\/prod\/quesos\/queso-muzzarella\/\"]}]},{\"@type\":\"ImageObject\",\"inLanguage\":\"es\",\"@id\":\"https:\/\/www.claldy.com.uy\/es\/prod\/quesos\/queso-muzzarella\/#primaryimage\",\"url\":\"https:\/\/www.claldy.com.uy\/sitio\/wp-content\/uploads\/2015\/02\/muzza_queso2017.jpg\",\"contentUrl\":\"https:\/\/www.claldy.com.uy\/sitio\/wp-content\/uploads\/2015\/02\/muzza_queso2017.jpg\",\"width\":835,\"height\":626},{\"@type\":\"BreadcrumbList\",\"@id\":\"https:\/\/www.claldy.com.uy\/es\/prod\/quesos\/queso-muzzarella\/#breadcrumb\",\"itemListElement\":[{\"@type\":\"ListItem\",\"position\":1,\"name\":\"Portada\",\"item\":\"https:\/\/www.claldy.com.uy\/\"},{\"@type\":\"ListItem\",\"position\":2,\"name\":\"Products\",\"item\":\"https:\/\/www.claldy.com.uy\/en\/prod\/\"},{\"@type\":\"ListItem\",\"position\":3,\"name\":\"Cheese\",\"item\":\"https:\/\/www.claldy.com.uy\/en\/prod\/quesos\/\"},{\"@type\":\"ListItem\",\"position\":4,\"name\":\"Queso muzzarella\"}]},{\"@type\":\"WebSite\",\"@id\":\"https:\/\/www.claldy.com.uy\/es\/#website\",\"url\":\"https:\/\/www.claldy.com.uy\/es\/\",\"name\":\"Claldy\",\"description\":\"Compa\u00f1\u00eda L\u00e1ctea Agropecuaria Lecheros de Young S.A | Uruguay\",\"potentialAction\":[{\"@type\":\"SearchAction\",\"target\":{\"@type\":\"EntryPoint\",\"urlTemplate\":\"https:\/\/www.claldy.com.uy\/es\/?s={search_term_string}\"},\"query-input\":{\"@type\":\"PropertyValueSpecification\",\"valueRequired\":true,\"valueName\":\"search_term_string\"}}],\"inLanguage\":\"es\"}]}<\/script>\n<!-- \/ Yoast SEO plugin. -->","yoast_head_json":{"title":"[:es]Queso muzzarella[:en]Mozzarella Cheese[:] - Claldy","robots":{"index":"index","follow":"follow","max-snippet":"max-snippet:-1","max-image-preview":"max-image-preview:large","max-video-preview":"max-video-preview:-1"},"canonical":"https:\/\/www.claldy.com.uy\/es\/prod\/quesos\/queso-muzzarella\/","og_locale":"es_ES","og_type":"article","og_title":"[:es]Queso muzzarella[:en]Mozzarella Cheese[:] - Claldy","og_description":"[vc_row][vc_column width=\u00bb1\/2&#8243;][vc_single_image border_color=\u00bbgrey\u00bb img_link_target=\u00bb_self\u00bb style=\u00bbvc_box_rounded\u00bb image=\u00bb23841&#8243; img_size=\u00bb500&#215;375&#8243; img_link_large=\u00bbyes\u00bb][\/vc_column][vc_column width=\u00bb1\/2&#8243;][vc_custom_heading text=\u00bbQueso muzzarella\u00bb font_container=\u00bbtag:h2|font_size:40|text_align:left|color:%23006940&#8243; google_fonts=\u00bbfont_family:Roboto%20Condensed%3A300%2C300italic%2Cregular%2Citalic%2C700%2C700italic|font_style:400%20regular%3A400%3Anormal\u00bb][vc_column_text]Caracter\u00edsiticas: La MUZZARELLA...","og_url":"https:\/\/www.claldy.com.uy\/es\/prod\/quesos\/queso-muzzarella\/","og_site_name":"Claldy","article_modified_time":"2017-10-04T19:37:40+00:00","og_image":[{"width":835,"height":626,"url":"https:\/\/www.claldy.com.uy\/sitio\/wp-content\/uploads\/2015\/02\/muzza_queso2017.jpg","type":"image\/jpeg"}],"twitter_card":"summary_large_image","twitter_misc":{"Tiempo de lectura":"2 minutos"},"schema":{"@context":"https:\/\/schema.org","@graph":[{"@type":"WebPage","@id":"https:\/\/www.claldy.com.uy\/es\/prod\/quesos\/queso-muzzarella\/","url":"https:\/\/www.claldy.com.uy\/es\/prod\/quesos\/queso-muzzarella\/","name":"[:es]Queso muzzarella[:en]Mozzarella Cheese[:] - Claldy","isPartOf":{"@id":"https:\/\/www.claldy.com.uy\/es\/#website"},"primaryImageOfPage":{"@id":"https:\/\/www.claldy.com.uy\/es\/prod\/quesos\/queso-muzzarella\/#primaryimage"},"image":{"@id":"https:\/\/www.claldy.com.uy\/es\/prod\/quesos\/queso-muzzarella\/#primaryimage"},"thumbnailUrl":"https:\/\/www.claldy.com.uy\/sitio\/wp-content\/uploads\/2015\/02\/muzza_queso2017.jpg","datePublished":"2015-02-25T15:20:54+00:00","dateModified":"2017-10-04T19:37:40+00:00","breadcrumb":{"@id":"https:\/\/www.claldy.com.uy\/es\/prod\/quesos\/queso-muzzarella\/#breadcrumb"},"inLanguage":"es","potentialAction":[{"@type":"ReadAction","target":["https:\/\/www.claldy.com.uy\/es\/prod\/quesos\/queso-muzzarella\/"]}]},{"@type":"ImageObject","inLanguage":"es","@id":"https:\/\/www.claldy.com.uy\/es\/prod\/quesos\/queso-muzzarella\/#primaryimage","url":"https:\/\/www.claldy.com.uy\/sitio\/wp-content\/uploads\/2015\/02\/muzza_queso2017.jpg","contentUrl":"https:\/\/www.claldy.com.uy\/sitio\/wp-content\/uploads\/2015\/02\/muzza_queso2017.jpg","width":835,"height":626},{"@type":"BreadcrumbList","@id":"https:\/\/www.claldy.com.uy\/es\/prod\/quesos\/queso-muzzarella\/#breadcrumb","itemListElement":[{"@type":"ListItem","position":1,"name":"Portada","item":"https:\/\/www.claldy.com.uy\/"},{"@type":"ListItem","position":2,"name":"Products","item":"https:\/\/www.claldy.com.uy\/en\/prod\/"},{"@type":"ListItem","position":3,"name":"Cheese","item":"https:\/\/www.claldy.com.uy\/en\/prod\/quesos\/"},{"@type":"ListItem","position":4,"name":"Queso muzzarella"}]},{"@type":"WebSite","@id":"https:\/\/www.claldy.com.uy\/es\/#website","url":"https:\/\/www.claldy.com.uy\/es\/","name":"Claldy","description":"Compa\u00f1\u00eda L\u00e1ctea Agropecuaria Lecheros de Young S.A | Uruguay","potentialAction":[{"@type":"SearchAction","target":{"@type":"EntryPoint","urlTemplate":"https:\/\/www.claldy.com.uy\/es\/?s={search_term_string}"},"query-input":{"@type":"PropertyValueSpecification","valueRequired":true,"valueName":"search_term_string"}}],"inLanguage":"es"}]}},"_links":{"self":[{"href":"https:\/\/www.claldy.com.uy\/es\/wp-json\/wp\/v2\/pages\/22620","targetHints":{"allow":["GET"]}}],"collection":[{"href":"https:\/\/www.claldy.com.uy\/es\/wp-json\/wp\/v2\/pages"}],"about":[{"href":"https:\/\/www.claldy.com.uy\/es\/wp-json\/wp\/v2\/types\/page"}],"author":[{"embeddable":true,"href":"https:\/\/www.claldy.com.uy\/es\/wp-json\/wp\/v2\/users\/1"}],"replies":[{"embeddable":true,"href":"https:\/\/www.claldy.com.uy\/es\/wp-json\/wp\/v2\/comments?post=22620"}],"version-history":[{"count":11,"href":"https:\/\/www.claldy.com.uy\/es\/wp-json\/wp\/v2\/pages\/22620\/revisions"}],"predecessor-version":[{"id":23852,"href":"https:\/\/www.claldy.com.uy\/es\/wp-json\/wp\/v2\/pages\/22620\/revisions\/23852"}],"up":[{"embeddable":true,"href":"https:\/\/www.claldy.com.uy\/es\/wp-json\/wp\/v2\/pages\/22390"}],"wp:featuredmedia":[{"embeddable":true,"href":"https:\/\/www.claldy.com.uy\/es\/wp-json\/wp\/v2\/media\/23841"}],"wp:attachment":[{"href":"https:\/\/www.claldy.com.uy\/es\/wp-json\/wp\/v2\/media?parent=22620"}],"curies":[{"name":"wp","href":"https:\/\/api.w.org\/{rel}","templated":true}]}}