{"id":22639,"date":"2015-02-25T15:40:29","date_gmt":"2015-02-25T15:40:29","guid":{"rendered":"http:\/\/www.claldy.com\/sitio\/?page_id=22639"},"modified":"2026-01-12T20:14:04","modified_gmt":"2026-01-12T20:14:04","slug":"crema-de-leche","status":"publish","type":"page","link":"https:\/\/www.claldy.com.uy\/es\/prod\/manteca\/crema-de-leche\/","title":{"rendered":"Crema de leche"},"content":{"rendered":"<div class=\"wpb-content-wrapper\"><p>[vc_row][vc_column width=\u00bb1\/2&#8243;][vc_gallery images=\u00bb24310&#8243; img_size=\u00bb500&#215;667&#8243;][\/vc_column][vc_column width=\u00bb1\/2&#8243;][vc_custom_heading text=\u00bbCrema de leche\u00bb font_container=\u00bbtag:h2|font_size:40|text_align:left|color:%23006940&#8243; google_fonts=\u00bbfont_family:Roboto%20Condensed%3A300%2C300italic%2Cregular%2Citalic%2C700%2C700italic|font_style:400%20regular%3A400%3Anormal\u00bb][vc_column_text css=\u00bb\u00bb]<strong>Caracter\u00edsiticas:<br \/>\n<\/strong>La CREMA DE LECHE es un producto l\u00e1cteo rico en grasa separado de la leche por centrifugaci\u00f3n, que adopta la forma de emulsi\u00f3n grasa en agua.<\/p>\n<p><strong>Par\u00e1metros:<\/strong><br \/>\nMateria grasa: &gt; 36%<br \/>\nAcidez: &lt; 18\u00b0 D.<\/p>\n<p>Producto listo para el consumo. Puede ser utilizado en pasteler\u00eda, en la preparaci\u00f3n de postres, salsas y dem\u00e1s preparaciones alimenticias.<\/p>\n<p><strong>Producto libre de gluten, apto para cel\u00edacos.<\/strong>[\/vc_column_text][\/vc_column][\/vc_row][vc_row][vc_column width=\u00bb1\/6&#8243;][\/vc_column][vc_column width=\u00bb1\/6&#8243;][\/vc_column][vc_column width=\u00bb1\/6&#8243;][\/vc_column][vc_column width=\u00bb1\/6&#8243;][vc_facebook type=\u00bbbox_count\u00bb][\/vc_column][vc_column width=\u00bb1\/6&#8243;][vc_tweetmeme type=\u00bbhorizontal\u00bb][\/vc_column][vc_column width=\u00bb1\/6&#8243;][vc_googleplus annotation=\u00bbinline\u00bb][\/vc_column][\/vc_row]<\/p>\n<\/div>","protected":false},"excerpt":{"rendered":"<p>[vc_row][vc_column width=\u00bb1\/2&#8243;][vc_gallery images=\u00bb24310&#8243; img_size=\u00bb500&#215;667&#8243;][\/vc_column][vc_column width=\u00bb1\/2&#8243;][vc_custom_heading text=\u00bbCrema de leche\u00bb font_container=\u00bbtag:h2|font_size:40|text_align:left|color:%23006940&#8243; google_fonts=\u00bbfont_family:Roboto%20Condensed%3A300%2C300italic%2Cregular%2Citalic%2C700%2C700italic|font_style:400%20regular%3A400%3Anormal\u00bb][vc_column_text css=\u00bb\u00bb]Caracter\u00edsiticas: La CREMA DE LECHE&#8230;<\/p>\n","protected":false},"author":1,"featured_media":24310,"parent":22393,"menu_order":0,"comment_status":"open","ping_status":"closed","template":"","meta":{"footnotes":""},"class_list":["post-22639","page","type-page","status-publish","has-post-thumbnail","hentry"],"yoast_head":"<!-- This site is optimized with the Yoast SEO plugin v24.1 - https:\/\/yoast.com\/wordpress\/plugins\/seo\/ -->\n<title>Crema de leche - Claldy<\/title>\n<meta name=\"robots\" content=\"index, follow, max-snippet:-1, max-image-preview:large, max-video-preview:-1\" \/>\n<link rel=\"canonical\" href=\"https:\/\/www.claldy.com.uy\/prod\/manteca\/crema-de-leche\/\" \/>\n<meta property=\"og:locale\" content=\"es_ES\" \/>\n<meta property=\"og:type\" content=\"article\" \/>\n<meta property=\"og:title\" content=\"[:es]Crema de leche[:en]Milk cream[:] - Claldy\" \/>\n<meta property=\"og:description\" content=\"[vc_row][vc_column width=\u00bb1\/2&#8243;][vc_gallery images=\u00bb24310&#8243; img_size=\u00bb500&#215;667&#8243;][\/vc_column][vc_column width=\u00bb1\/2&#8243;][vc_custom_heading text=\u00bbCrema de leche\u00bb font_container=\u00bbtag:h2|font_size:40|text_align:left|color:%23006940&#8243; google_fonts=\u00bbfont_family:Roboto%20Condensed%3A300%2C300italic%2Cregular%2Citalic%2C700%2C700italic|font_style:400%20regular%3A400%3Anormal\u00bb][vc_column_text css=\u00bb\u00bb]Caracter\u00edsiticas: La CREMA DE LECHE...\" \/>\n<meta property=\"og:url\" content=\"https:\/\/www.claldy.com.uy\/prod\/manteca\/crema-de-leche\/\" \/>\n<meta property=\"og:site_name\" content=\"Claldy\" \/>\n<meta property=\"article:modified_time\" content=\"2026-01-12T20:14:04+00:00\" \/>\n<meta property=\"og:image\" content=\"https:\/\/www.claldy.com.uy\/sitio\/wp-content\/uploads\/2023\/02\/cremadeleche-copia.jpg\" \/>\n\t<meta property=\"og:image:width\" content=\"626\" \/>\n\t<meta property=\"og:image:height\" content=\"835\" \/>\n\t<meta property=\"og:image:type\" content=\"image\/jpeg\" \/>\n<meta name=\"twitter:card\" content=\"summary_large_image\" \/>\n<meta name=\"twitter:label1\" content=\"Tiempo de lectura\" \/>\n\t<meta name=\"twitter:data1\" content=\"1 minuto\" \/>\n<script type=\"application\/ld+json\" class=\"yoast-schema-graph\">{\"@context\":\"https:\/\/schema.org\",\"@graph\":[{\"@type\":\"WebPage\",\"@id\":\"https:\/\/www.claldy.com.uy\/prod\/manteca\/crema-de-leche\/\",\"url\":\"https:\/\/www.claldy.com.uy\/prod\/manteca\/crema-de-leche\/\",\"name\":\"[:es]Crema de leche[:en]Milk cream[:] - Claldy\",\"isPartOf\":{\"@id\":\"https:\/\/www.claldy.com.uy\/es\/#website\"},\"primaryImageOfPage\":{\"@id\":\"https:\/\/www.claldy.com.uy\/prod\/manteca\/crema-de-leche\/#primaryimage\"},\"image\":{\"@id\":\"https:\/\/www.claldy.com.uy\/prod\/manteca\/crema-de-leche\/#primaryimage\"},\"thumbnailUrl\":\"https:\/\/www.claldy.com.uy\/sitio\/wp-content\/uploads\/2023\/02\/cremadeleche-copia.jpg\",\"datePublished\":\"2015-02-25T15:40:29+00:00\",\"dateModified\":\"2026-01-12T20:14:04+00:00\",\"breadcrumb\":{\"@id\":\"https:\/\/www.claldy.com.uy\/prod\/manteca\/crema-de-leche\/#breadcrumb\"},\"inLanguage\":\"es\",\"potentialAction\":[{\"@type\":\"ReadAction\",\"target\":[\"https:\/\/www.claldy.com.uy\/prod\/manteca\/crema-de-leche\/\"]}]},{\"@type\":\"ImageObject\",\"inLanguage\":\"es\",\"@id\":\"https:\/\/www.claldy.com.uy\/prod\/manteca\/crema-de-leche\/#primaryimage\",\"url\":\"https:\/\/www.claldy.com.uy\/sitio\/wp-content\/uploads\/2023\/02\/cremadeleche-copia.jpg\",\"contentUrl\":\"https:\/\/www.claldy.com.uy\/sitio\/wp-content\/uploads\/2023\/02\/cremadeleche-copia.jpg\",\"width\":626,\"height\":835},{\"@type\":\"BreadcrumbList\",\"@id\":\"https:\/\/www.claldy.com.uy\/prod\/manteca\/crema-de-leche\/#breadcrumb\",\"itemListElement\":[{\"@type\":\"ListItem\",\"position\":1,\"name\":\"Portada\",\"item\":\"https:\/\/www.claldy.com.uy\/\"},{\"@type\":\"ListItem\",\"position\":2,\"name\":\"Products\",\"item\":\"https:\/\/www.claldy.com.uy\/en\/prod\/\"},{\"@type\":\"ListItem\",\"position\":3,\"name\":\"Manteca y crema de leche\",\"item\":\"https:\/\/www.claldy.com.uy\/es\/prod\/manteca\/\"},{\"@type\":\"ListItem\",\"position\":4,\"name\":\"Crema de leche\"}]},{\"@type\":\"WebSite\",\"@id\":\"https:\/\/www.claldy.com.uy\/es\/#website\",\"url\":\"https:\/\/www.claldy.com.uy\/es\/\",\"name\":\"Claldy\",\"description\":\"Compa\u00f1\u00eda L\u00e1ctea Agropecuaria Lecheros de Young S.A | Uruguay\",\"potentialAction\":[{\"@type\":\"SearchAction\",\"target\":{\"@type\":\"EntryPoint\",\"urlTemplate\":\"https:\/\/www.claldy.com.uy\/es\/?s={search_term_string}\"},\"query-input\":{\"@type\":\"PropertyValueSpecification\",\"valueRequired\":true,\"valueName\":\"search_term_string\"}}],\"inLanguage\":\"es\"}]}<\/script>\n<!-- \/ Yoast SEO plugin. -->","yoast_head_json":{"title":"[:es]Crema de leche[:en]Milk cream[:] - Claldy","robots":{"index":"index","follow":"follow","max-snippet":"max-snippet:-1","max-image-preview":"max-image-preview:large","max-video-preview":"max-video-preview:-1"},"canonical":"https:\/\/www.claldy.com.uy\/prod\/manteca\/crema-de-leche\/","og_locale":"es_ES","og_type":"article","og_title":"[:es]Crema de leche[:en]Milk cream[:] - Claldy","og_description":"[vc_row][vc_column width=\u00bb1\/2&#8243;][vc_gallery images=\u00bb24310&#8243; img_size=\u00bb500&#215;667&#8243;][\/vc_column][vc_column width=\u00bb1\/2&#8243;][vc_custom_heading text=\u00bbCrema de leche\u00bb font_container=\u00bbtag:h2|font_size:40|text_align:left|color:%23006940&#8243; google_fonts=\u00bbfont_family:Roboto%20Condensed%3A300%2C300italic%2Cregular%2Citalic%2C700%2C700italic|font_style:400%20regular%3A400%3Anormal\u00bb][vc_column_text css=\u00bb\u00bb]Caracter\u00edsiticas: La CREMA DE LECHE...","og_url":"https:\/\/www.claldy.com.uy\/prod\/manteca\/crema-de-leche\/","og_site_name":"Claldy","article_modified_time":"2026-01-12T20:14:04+00:00","og_image":[{"width":626,"height":835,"url":"https:\/\/www.claldy.com.uy\/sitio\/wp-content\/uploads\/2023\/02\/cremadeleche-copia.jpg","type":"image\/jpeg"}],"twitter_card":"summary_large_image","twitter_misc":{"Tiempo de lectura":"1 minuto"},"schema":{"@context":"https:\/\/schema.org","@graph":[{"@type":"WebPage","@id":"https:\/\/www.claldy.com.uy\/prod\/manteca\/crema-de-leche\/","url":"https:\/\/www.claldy.com.uy\/prod\/manteca\/crema-de-leche\/","name":"[:es]Crema de leche[:en]Milk cream[:] - Claldy","isPartOf":{"@id":"https:\/\/www.claldy.com.uy\/es\/#website"},"primaryImageOfPage":{"@id":"https:\/\/www.claldy.com.uy\/prod\/manteca\/crema-de-leche\/#primaryimage"},"image":{"@id":"https:\/\/www.claldy.com.uy\/prod\/manteca\/crema-de-leche\/#primaryimage"},"thumbnailUrl":"https:\/\/www.claldy.com.uy\/sitio\/wp-content\/uploads\/2023\/02\/cremadeleche-copia.jpg","datePublished":"2015-02-25T15:40:29+00:00","dateModified":"2026-01-12T20:14:04+00:00","breadcrumb":{"@id":"https:\/\/www.claldy.com.uy\/prod\/manteca\/crema-de-leche\/#breadcrumb"},"inLanguage":"es","potentialAction":[{"@type":"ReadAction","target":["https:\/\/www.claldy.com.uy\/prod\/manteca\/crema-de-leche\/"]}]},{"@type":"ImageObject","inLanguage":"es","@id":"https:\/\/www.claldy.com.uy\/prod\/manteca\/crema-de-leche\/#primaryimage","url":"https:\/\/www.claldy.com.uy\/sitio\/wp-content\/uploads\/2023\/02\/cremadeleche-copia.jpg","contentUrl":"https:\/\/www.claldy.com.uy\/sitio\/wp-content\/uploads\/2023\/02\/cremadeleche-copia.jpg","width":626,"height":835},{"@type":"BreadcrumbList","@id":"https:\/\/www.claldy.com.uy\/prod\/manteca\/crema-de-leche\/#breadcrumb","itemListElement":[{"@type":"ListItem","position":1,"name":"Portada","item":"https:\/\/www.claldy.com.uy\/"},{"@type":"ListItem","position":2,"name":"Products","item":"https:\/\/www.claldy.com.uy\/en\/prod\/"},{"@type":"ListItem","position":3,"name":"Manteca y crema de leche","item":"https:\/\/www.claldy.com.uy\/es\/prod\/manteca\/"},{"@type":"ListItem","position":4,"name":"Crema de leche"}]},{"@type":"WebSite","@id":"https:\/\/www.claldy.com.uy\/es\/#website","url":"https:\/\/www.claldy.com.uy\/es\/","name":"Claldy","description":"Compa\u00f1\u00eda L\u00e1ctea Agropecuaria Lecheros de Young S.A | Uruguay","potentialAction":[{"@type":"SearchAction","target":{"@type":"EntryPoint","urlTemplate":"https:\/\/www.claldy.com.uy\/es\/?s={search_term_string}"},"query-input":{"@type":"PropertyValueSpecification","valueRequired":true,"valueName":"search_term_string"}}],"inLanguage":"es"}]}},"_links":{"self":[{"href":"https:\/\/www.claldy.com.uy\/es\/wp-json\/wp\/v2\/pages\/22639","targetHints":{"allow":["GET"]}}],"collection":[{"href":"https:\/\/www.claldy.com.uy\/es\/wp-json\/wp\/v2\/pages"}],"about":[{"href":"https:\/\/www.claldy.com.uy\/es\/wp-json\/wp\/v2\/types\/page"}],"author":[{"embeddable":true,"href":"https:\/\/www.claldy.com.uy\/es\/wp-json\/wp\/v2\/users\/1"}],"replies":[{"embeddable":true,"href":"https:\/\/www.claldy.com.uy\/es\/wp-json\/wp\/v2\/comments?post=22639"}],"version-history":[{"count":12,"href":"https:\/\/www.claldy.com.uy\/es\/wp-json\/wp\/v2\/pages\/22639\/revisions"}],"predecessor-version":[{"id":26006,"href":"https:\/\/www.claldy.com.uy\/es\/wp-json\/wp\/v2\/pages\/22639\/revisions\/26006"}],"up":[{"embeddable":true,"href":"https:\/\/www.claldy.com.uy\/es\/wp-json\/wp\/v2\/pages\/22393"}],"wp:featuredmedia":[{"embeddable":true,"href":"https:\/\/www.claldy.com.uy\/es\/wp-json\/wp\/v2\/media\/24310"}],"wp:attachment":[{"href":"https:\/\/www.claldy.com.uy\/es\/wp-json\/wp\/v2\/media?parent=22639"}],"curies":[{"name":"wp","href":"https:\/\/api.w.org\/{rel}","templated":true}]}}