{"id":22782,"date":"2015-02-25T18:53:44","date_gmt":"2015-02-25T18:53:44","guid":{"rendered":"http:\/\/www.claldy.com\/sitio\/?page_id=22782"},"modified":"2023-02-14T14:59:28","modified_gmt":"2023-02-14T14:59:28","slug":"frasco-yogur","status":"publish","type":"page","link":"https:\/\/www.claldy.com.uy\/es\/prod\/p02\/frasco-yogur\/","title":{"rendered":"Yogur frasco"},"content":{"rendered":"<div class=\"wpb-content-wrapper\"><p>[vc_row][vc_column width=\u00bb1\/2&#8243;][vc_gallery type=\u00bbnivo\u00bb interval=\u00bb10&#8243; images=\u00bb24298,24303,24301,24300,24299,24297&#8243; onclick=\u00bblink_no\u00bb img_size=\u00bbfull\u00bb][\/vc_column][vc_column width=\u00bb1\/2&#8243;][vc_custom_heading text=\u00bbYogur Frasco\u00bb font_container=\u00bbtag:h2|font_size:40|text_align:left|color:%23006940&#8243; google_fonts=\u00bbfont_family:Roboto%20Condensed%3A300%2C300italic%2Cregular%2Citalic%2C700%2C700italic|font_style:400%20regular%3A400%3Anormal\u00bb][vc_column_text]<strong>Caracter\u00edsticas:<\/strong><br \/>\nLos yogures de frasco son yogures batidos cuchareables, de alta viscosidad. Los mismos son obtenidos por medio de la acidificaci\u00f3n realizada por bacterias l\u00e1cticas, que transforman la lactosa en \u00e1cido l\u00e1ctico, en una base l\u00e1ctica seleccionada de excelente calidad.<\/p>\n<p>Los mismos presentan las siguientes caracter\u00edsticas:<\/p>\n<p><strong>Frutilla, Durazno, Cereza\u00a0y el nuevo sabor Maracuy\u00e1 Mango<\/strong><br \/>\nCon pulpa de frutas Con az\u00facar agregada, descremados Materia grasa &lt; 0,5%.<\/p>\n<p><strong>Natural<\/strong><br \/>\nSin az\u00facar agregada, descremados Materia grasa &lt; 0,5%.<\/p>\n<p><strong>Vainilla y el\u00a0nuevo sabor Integral.<\/strong><br \/>\nCon az\u00facar agregada, entero Materia grasa &gt; 3%.<\/p>\n<p><strong>Producto listo para el consumo.<\/strong> Puede ser consumido para el desayuno, la merienda, como postre y como colaci\u00f3n.\u00a0 Producto libre de gluten, apto para cel\u00edacos.[\/vc_column_text][\/vc_column][\/vc_row][vc_row][vc_column width=\u00bb1\/6&#8243;][\/vc_column][vc_column width=\u00bb1\/6&#8243;][\/vc_column][vc_column width=\u00bb1\/6&#8243;][\/vc_column][vc_column width=\u00bb1\/6&#8243;][vc_facebook type=\u00bbbox_count\u00bb][\/vc_column][vc_column width=\u00bb1\/6&#8243;][vc_tweetmeme type=\u00bbhorizontal\u00bb][\/vc_column][vc_column width=\u00bb1\/6&#8243;][vc_googleplus annotation=\u00bbinline\u00bb][\/vc_column][\/vc_row]<\/p>\n<\/div>","protected":false},"excerpt":{"rendered":"<p>[vc_row][vc_column width=\u00bb1\/2&#8243;][vc_gallery type=\u00bbnivo\u00bb interval=\u00bb10&#8243; images=\u00bb24298,24303,24301,24300,24299,24297&#8243; onclick=\u00bblink_no\u00bb img_size=\u00bbfull\u00bb][\/vc_column][vc_column width=\u00bb1\/2&#8243;][vc_custom_heading text=\u00bbYogur Frasco\u00bb font_container=\u00bbtag:h2|font_size:40|text_align:left|color:%23006940&#8243; google_fonts=\u00bbfont_family:Roboto%20Condensed%3A300%2C300italic%2Cregular%2Citalic%2C700%2C700italic|font_style:400%20regular%3A400%3Anormal\u00bb][vc_column_text]Caracter\u00edsticas: Los yogures de&#8230;<\/p>\n","protected":false},"author":1,"featured_media":24301,"parent":22245,"menu_order":0,"comment_status":"open","ping_status":"closed","template":"","meta":{"footnotes":""},"class_list":["post-22782","page","type-page","status-publish","has-post-thumbnail","hentry"],"yoast_head":"<!-- This site is optimized with the Yoast SEO plugin v24.1 - https:\/\/yoast.com\/wordpress\/plugins\/seo\/ -->\n<title>Yogur frasco - Claldy<\/title>\n<meta name=\"robots\" content=\"index, follow, max-snippet:-1, max-image-preview:large, max-video-preview:-1\" \/>\n<link rel=\"canonical\" href=\"https:\/\/www.claldy.com.uy\/es\/prod\/p02\/frasco-yogur\/\" \/>\n<meta property=\"og:locale\" content=\"es_ES\" \/>\n<meta property=\"og:type\" content=\"article\" \/>\n<meta property=\"og:title\" content=\"[:es]Yogur frasco[:en]Yogurts in plastic jars[:] - Claldy\" \/>\n<meta property=\"og:description\" content=\"[vc_row][vc_column width=\u00bb1\/2&#8243;][vc_gallery type=\u00bbnivo\u00bb interval=\u00bb10&#8243; images=\u00bb24298,24303,24301,24300,24299,24297&#8243; onclick=\u00bblink_no\u00bb img_size=\u00bbfull\u00bb][\/vc_column][vc_column width=\u00bb1\/2&#8243;][vc_custom_heading text=\u00bbYogur Frasco\u00bb font_container=\u00bbtag:h2|font_size:40|text_align:left|color:%23006940&#8243; google_fonts=\u00bbfont_family:Roboto%20Condensed%3A300%2C300italic%2Cregular%2Citalic%2C700%2C700italic|font_style:400%20regular%3A400%3Anormal\u00bb][vc_column_text]Caracter\u00edsticas: Los yogures de...\" \/>\n<meta property=\"og:url\" content=\"https:\/\/www.claldy.com.uy\/es\/prod\/p02\/frasco-yogur\/\" \/>\n<meta property=\"og:site_name\" content=\"Claldy\" \/>\n<meta property=\"article:modified_time\" content=\"2023-02-14T14:59:28+00:00\" \/>\n<meta property=\"og:image\" content=\"https:\/\/www.claldy.com.uy\/sitio\/wp-content\/uploads\/2023\/02\/nat-copia.jpg\" \/>\n\t<meta property=\"og:image:width\" content=\"626\" \/>\n\t<meta property=\"og:image:height\" content=\"835\" \/>\n\t<meta property=\"og:image:type\" content=\"image\/jpeg\" \/>\n<meta name=\"twitter:card\" content=\"summary_large_image\" \/>\n<meta name=\"twitter:label1\" content=\"Tiempo de lectura\" \/>\n\t<meta name=\"twitter:data1\" content=\"2 minutos\" \/>\n<script type=\"application\/ld+json\" class=\"yoast-schema-graph\">{\"@context\":\"https:\/\/schema.org\",\"@graph\":[{\"@type\":\"WebPage\",\"@id\":\"https:\/\/www.claldy.com.uy\/es\/prod\/p02\/frasco-yogur\/\",\"url\":\"https:\/\/www.claldy.com.uy\/es\/prod\/p02\/frasco-yogur\/\",\"name\":\"[:es]Yogur frasco[:en]Yogurts in plastic jars[:] - Claldy\",\"isPartOf\":{\"@id\":\"https:\/\/www.claldy.com.uy\/es\/#website\"},\"primaryImageOfPage\":{\"@id\":\"https:\/\/www.claldy.com.uy\/es\/prod\/p02\/frasco-yogur\/#primaryimage\"},\"image\":{\"@id\":\"https:\/\/www.claldy.com.uy\/es\/prod\/p02\/frasco-yogur\/#primaryimage\"},\"thumbnailUrl\":\"https:\/\/www.claldy.com.uy\/sitio\/wp-content\/uploads\/2023\/02\/nat-copia.jpg\",\"datePublished\":\"2015-02-25T18:53:44+00:00\",\"dateModified\":\"2023-02-14T14:59:28+00:00\",\"breadcrumb\":{\"@id\":\"https:\/\/www.claldy.com.uy\/es\/prod\/p02\/frasco-yogur\/#breadcrumb\"},\"inLanguage\":\"es\",\"potentialAction\":[{\"@type\":\"ReadAction\",\"target\":[\"https:\/\/www.claldy.com.uy\/es\/prod\/p02\/frasco-yogur\/\"]}]},{\"@type\":\"ImageObject\",\"inLanguage\":\"es\",\"@id\":\"https:\/\/www.claldy.com.uy\/es\/prod\/p02\/frasco-yogur\/#primaryimage\",\"url\":\"https:\/\/www.claldy.com.uy\/sitio\/wp-content\/uploads\/2023\/02\/nat-copia.jpg\",\"contentUrl\":\"https:\/\/www.claldy.com.uy\/sitio\/wp-content\/uploads\/2023\/02\/nat-copia.jpg\",\"width\":626,\"height\":835},{\"@type\":\"BreadcrumbList\",\"@id\":\"https:\/\/www.claldy.com.uy\/es\/prod\/p02\/frasco-yogur\/#breadcrumb\",\"itemListElement\":[{\"@type\":\"ListItem\",\"position\":1,\"name\":\"Portada\",\"item\":\"https:\/\/www.claldy.com.uy\/\"},{\"@type\":\"ListItem\",\"position\":2,\"name\":\"Products\",\"item\":\"https:\/\/www.claldy.com.uy\/en\/prod\/\"},{\"@type\":\"ListItem\",\"position\":3,\"name\":\"Yogur\",\"item\":\"https:\/\/www.claldy.com.uy\/es\/prod\/p02\/\"},{\"@type\":\"ListItem\",\"position\":4,\"name\":\"Yogur frasco\"}]},{\"@type\":\"WebSite\",\"@id\":\"https:\/\/www.claldy.com.uy\/es\/#website\",\"url\":\"https:\/\/www.claldy.com.uy\/es\/\",\"name\":\"Claldy\",\"description\":\"Compa\u00f1\u00eda L\u00e1ctea Agropecuaria Lecheros de Young S.A | Uruguay\",\"potentialAction\":[{\"@type\":\"SearchAction\",\"target\":{\"@type\":\"EntryPoint\",\"urlTemplate\":\"https:\/\/www.claldy.com.uy\/es\/?s={search_term_string}\"},\"query-input\":{\"@type\":\"PropertyValueSpecification\",\"valueRequired\":true,\"valueName\":\"search_term_string\"}}],\"inLanguage\":\"es\"}]}<\/script>\n<!-- \/ Yoast SEO plugin. -->","yoast_head_json":{"title":"[:es]Yogur frasco[:en]Yogurts in plastic jars[:] - Claldy","robots":{"index":"index","follow":"follow","max-snippet":"max-snippet:-1","max-image-preview":"max-image-preview:large","max-video-preview":"max-video-preview:-1"},"canonical":"https:\/\/www.claldy.com.uy\/es\/prod\/p02\/frasco-yogur\/","og_locale":"es_ES","og_type":"article","og_title":"[:es]Yogur frasco[:en]Yogurts in plastic jars[:] - Claldy","og_description":"[vc_row][vc_column width=\u00bb1\/2&#8243;][vc_gallery type=\u00bbnivo\u00bb interval=\u00bb10&#8243; images=\u00bb24298,24303,24301,24300,24299,24297&#8243; onclick=\u00bblink_no\u00bb img_size=\u00bbfull\u00bb][\/vc_column][vc_column width=\u00bb1\/2&#8243;][vc_custom_heading text=\u00bbYogur Frasco\u00bb font_container=\u00bbtag:h2|font_size:40|text_align:left|color:%23006940&#8243; google_fonts=\u00bbfont_family:Roboto%20Condensed%3A300%2C300italic%2Cregular%2Citalic%2C700%2C700italic|font_style:400%20regular%3A400%3Anormal\u00bb][vc_column_text]Caracter\u00edsticas: Los yogures de...","og_url":"https:\/\/www.claldy.com.uy\/es\/prod\/p02\/frasco-yogur\/","og_site_name":"Claldy","article_modified_time":"2023-02-14T14:59:28+00:00","og_image":[{"width":626,"height":835,"url":"https:\/\/www.claldy.com.uy\/sitio\/wp-content\/uploads\/2023\/02\/nat-copia.jpg","type":"image\/jpeg"}],"twitter_card":"summary_large_image","twitter_misc":{"Tiempo de lectura":"2 minutos"},"schema":{"@context":"https:\/\/schema.org","@graph":[{"@type":"WebPage","@id":"https:\/\/www.claldy.com.uy\/es\/prod\/p02\/frasco-yogur\/","url":"https:\/\/www.claldy.com.uy\/es\/prod\/p02\/frasco-yogur\/","name":"[:es]Yogur frasco[:en]Yogurts in plastic jars[:] - Claldy","isPartOf":{"@id":"https:\/\/www.claldy.com.uy\/es\/#website"},"primaryImageOfPage":{"@id":"https:\/\/www.claldy.com.uy\/es\/prod\/p02\/frasco-yogur\/#primaryimage"},"image":{"@id":"https:\/\/www.claldy.com.uy\/es\/prod\/p02\/frasco-yogur\/#primaryimage"},"thumbnailUrl":"https:\/\/www.claldy.com.uy\/sitio\/wp-content\/uploads\/2023\/02\/nat-copia.jpg","datePublished":"2015-02-25T18:53:44+00:00","dateModified":"2023-02-14T14:59:28+00:00","breadcrumb":{"@id":"https:\/\/www.claldy.com.uy\/es\/prod\/p02\/frasco-yogur\/#breadcrumb"},"inLanguage":"es","potentialAction":[{"@type":"ReadAction","target":["https:\/\/www.claldy.com.uy\/es\/prod\/p02\/frasco-yogur\/"]}]},{"@type":"ImageObject","inLanguage":"es","@id":"https:\/\/www.claldy.com.uy\/es\/prod\/p02\/frasco-yogur\/#primaryimage","url":"https:\/\/www.claldy.com.uy\/sitio\/wp-content\/uploads\/2023\/02\/nat-copia.jpg","contentUrl":"https:\/\/www.claldy.com.uy\/sitio\/wp-content\/uploads\/2023\/02\/nat-copia.jpg","width":626,"height":835},{"@type":"BreadcrumbList","@id":"https:\/\/www.claldy.com.uy\/es\/prod\/p02\/frasco-yogur\/#breadcrumb","itemListElement":[{"@type":"ListItem","position":1,"name":"Portada","item":"https:\/\/www.claldy.com.uy\/"},{"@type":"ListItem","position":2,"name":"Products","item":"https:\/\/www.claldy.com.uy\/en\/prod\/"},{"@type":"ListItem","position":3,"name":"Yogur","item":"https:\/\/www.claldy.com.uy\/es\/prod\/p02\/"},{"@type":"ListItem","position":4,"name":"Yogur frasco"}]},{"@type":"WebSite","@id":"https:\/\/www.claldy.com.uy\/es\/#website","url":"https:\/\/www.claldy.com.uy\/es\/","name":"Claldy","description":"Compa\u00f1\u00eda L\u00e1ctea Agropecuaria Lecheros de Young S.A | Uruguay","potentialAction":[{"@type":"SearchAction","target":{"@type":"EntryPoint","urlTemplate":"https:\/\/www.claldy.com.uy\/es\/?s={search_term_string}"},"query-input":{"@type":"PropertyValueSpecification","valueRequired":true,"valueName":"search_term_string"}}],"inLanguage":"es"}]}},"_links":{"self":[{"href":"https:\/\/www.claldy.com.uy\/es\/wp-json\/wp\/v2\/pages\/22782","targetHints":{"allow":["GET"]}}],"collection":[{"href":"https:\/\/www.claldy.com.uy\/es\/wp-json\/wp\/v2\/pages"}],"about":[{"href":"https:\/\/www.claldy.com.uy\/es\/wp-json\/wp\/v2\/types\/page"}],"author":[{"embeddable":true,"href":"https:\/\/www.claldy.com.uy\/es\/wp-json\/wp\/v2\/users\/1"}],"replies":[{"embeddable":true,"href":"https:\/\/www.claldy.com.uy\/es\/wp-json\/wp\/v2\/comments?post=22782"}],"version-history":[{"count":51,"href":"https:\/\/www.claldy.com.uy\/es\/wp-json\/wp\/v2\/pages\/22782\/revisions"}],"predecessor-version":[{"id":24339,"href":"https:\/\/www.claldy.com.uy\/es\/wp-json\/wp\/v2\/pages\/22782\/revisions\/24339"}],"up":[{"embeddable":true,"href":"https:\/\/www.claldy.com.uy\/es\/wp-json\/wp\/v2\/pages\/22245"}],"wp:featuredmedia":[{"embeddable":true,"href":"https:\/\/www.claldy.com.uy\/es\/wp-json\/wp\/v2\/media\/24301"}],"wp:attachment":[{"href":"https:\/\/www.claldy.com.uy\/es\/wp-json\/wp\/v2\/media?parent=22782"}],"curies":[{"name":"wp","href":"https:\/\/api.w.org\/{rel}","templated":true}]}}