{"id":22950,"date":"2015-03-10T22:16:42","date_gmt":"2015-03-10T22:16:42","guid":{"rendered":"http:\/\/www.claldy.com\/sitio\/?page_id=22950"},"modified":"2019-03-18T19:13:58","modified_gmt":"2019-03-18T19:13:58","slug":"empanadas","status":"publish","type":"page","link":"https:\/\/www.claldy.com.uy\/es\/prod\/tapas-y-empanadas\/empanadas\/","title":{"rendered":"Tapas para empanadas"},"content":{"rendered":"<div class=\"wpb-content-wrapper\"><p>[vc_row][vc_column width=\u00bb1\/2&#8243;][vc_single_image image=\u00bb24005&#8243; img_link_large=\u00bb\u00bb img_link_target=\u00bb_self\u00bb img_size=\u00bbfull\u00bb][\/vc_column][vc_column width=\u00bb1\/2&#8243;][vc_custom_heading text=\u00bbTapas para empanadas\u00bb font_container=\u00bbtag:h2|font_size:40|text_align:left|color:%23006940&#8243; google_fonts=\u00bbfont_family:Roboto%20Condensed%3A300%2C300italic%2Cregular%2Citalic%2C700%2C700italic|font_style:400%20regular%3A400%3Anormal\u00bb][vc_column_text]<strong>Presentaci\u00f3n:<\/strong><\/p>\n<p>12 tapas de empanadas hojaldradas con separadores. Para horno. Contenido Neto 350grs.[\/vc_column_text][\/vc_column][\/vc_row][vc_row][vc_column width=\u00bb1\/6&#8243;][\/vc_column][vc_column width=\u00bb1\/6&#8243;][\/vc_column][vc_column width=\u00bb1\/6&#8243;][\/vc_column][vc_column width=\u00bb1\/6&#8243;][vc_facebook type=\u00bbbox_count\u00bb][\/vc_column][vc_column width=\u00bb1\/6&#8243;][vc_tweetmeme type=\u00bbhorizontal\u00bb][\/vc_column][vc_column width=\u00bb1\/6&#8243;][vc_googleplus annotation=\u00bbinline\u00bb][\/vc_column][\/vc_row]<\/p>\n<\/div>","protected":false},"excerpt":{"rendered":"<p>[vc_row][vc_column width=\u00bb1\/2&#8243;][vc_single_image image=\u00bb24005&#8243; img_link_large=\u00bb\u00bb img_link_target=\u00bb_self\u00bb img_size=\u00bbfull\u00bb][\/vc_column][vc_column width=\u00bb1\/2&#8243;][vc_custom_heading text=\u00bbTapas para empanadas\u00bb font_container=\u00bbtag:h2|font_size:40|text_align:left|color:%23006940&#8243; google_fonts=\u00bbfont_family:Roboto%20Condensed%3A300%2C300italic%2Cregular%2Citalic%2C700%2C700italic|font_style:400%20regular%3A400%3Anormal\u00bb][vc_column_text]Presentaci\u00f3n: 12 tapas de&#8230;<\/p>\n","protected":false},"author":1,"featured_media":0,"parent":22405,"menu_order":0,"comment_status":"open","ping_status":"closed","template":"","meta":{"footnotes":""},"class_list":["post-22950","page","type-page","status-publish","hentry"],"yoast_head":"<!-- This site is optimized with the Yoast SEO plugin v24.1 - https:\/\/yoast.com\/wordpress\/plugins\/seo\/ -->\n<title>Tapas para empanadas - Claldy<\/title>\n<meta name=\"robots\" content=\"index, follow, max-snippet:-1, max-image-preview:large, max-video-preview:-1\" \/>\n<link rel=\"canonical\" href=\"https:\/\/www.claldy.com.uy\/es\/prod\/tapas-y-empanadas\/empanadas\/\" \/>\n<meta property=\"og:locale\" content=\"es_ES\" \/>\n<meta property=\"og:type\" content=\"article\" \/>\n<meta property=\"og:title\" content=\"[:es]Tapas para empanadas[:en]TAPAS TIPO CRIOLLAS[:] - Claldy\" \/>\n<meta property=\"og:description\" content=\"[vc_row][vc_column width=\u00bb1\/2&#8243;][vc_single_image image=\u00bb24005&#8243; img_link_large=\u00bb\u00bb img_link_target=\u00bb_self\u00bb img_size=\u00bbfull\u00bb][\/vc_column][vc_column width=\u00bb1\/2&#8243;][vc_custom_heading text=\u00bbTapas para empanadas\u00bb font_container=\u00bbtag:h2|font_size:40|text_align:left|color:%23006940&#8243; google_fonts=\u00bbfont_family:Roboto%20Condensed%3A300%2C300italic%2Cregular%2Citalic%2C700%2C700italic|font_style:400%20regular%3A400%3Anormal\u00bb][vc_column_text]Presentaci\u00f3n: 12 tapas de...\" \/>\n<meta property=\"og:url\" content=\"https:\/\/www.claldy.com.uy\/es\/prod\/tapas-y-empanadas\/empanadas\/\" \/>\n<meta property=\"og:site_name\" content=\"Claldy\" \/>\n<meta property=\"article:modified_time\" content=\"2019-03-18T19:13:58+00:00\" \/>\n<meta name=\"twitter:card\" content=\"summary_large_image\" \/>\n<meta name=\"twitter:label1\" content=\"Tiempo de lectura\" \/>\n\t<meta name=\"twitter:data1\" content=\"1 minuto\" \/>\n<script type=\"application\/ld+json\" class=\"yoast-schema-graph\">{\"@context\":\"https:\/\/schema.org\",\"@graph\":[{\"@type\":\"WebPage\",\"@id\":\"https:\/\/www.claldy.com.uy\/es\/prod\/tapas-y-empanadas\/empanadas\/\",\"url\":\"https:\/\/www.claldy.com.uy\/es\/prod\/tapas-y-empanadas\/empanadas\/\",\"name\":\"[:es]Tapas para empanadas[:en]TAPAS TIPO CRIOLLAS[:] - Claldy\",\"isPartOf\":{\"@id\":\"https:\/\/www.claldy.com.uy\/es\/#website\"},\"datePublished\":\"2015-03-10T22:16:42+00:00\",\"dateModified\":\"2019-03-18T19:13:58+00:00\",\"breadcrumb\":{\"@id\":\"https:\/\/www.claldy.com.uy\/es\/prod\/tapas-y-empanadas\/empanadas\/#breadcrumb\"},\"inLanguage\":\"es\",\"potentialAction\":[{\"@type\":\"ReadAction\",\"target\":[\"https:\/\/www.claldy.com.uy\/es\/prod\/tapas-y-empanadas\/empanadas\/\"]}]},{\"@type\":\"BreadcrumbList\",\"@id\":\"https:\/\/www.claldy.com.uy\/es\/prod\/tapas-y-empanadas\/empanadas\/#breadcrumb\",\"itemListElement\":[{\"@type\":\"ListItem\",\"position\":1,\"name\":\"Portada\",\"item\":\"https:\/\/www.claldy.com.uy\/\"},{\"@type\":\"ListItem\",\"position\":2,\"name\":\"Products\",\"item\":\"https:\/\/www.claldy.com.uy\/en\/prod\/\"},{\"@type\":\"ListItem\",\"position\":3,\"name\":\"Tapas y empanadas\",\"item\":\"https:\/\/www.claldy.com.uy\/es\/prod\/tapas-y-empanadas\/\"},{\"@type\":\"ListItem\",\"position\":4,\"name\":\"Tapas para empanadas\"}]},{\"@type\":\"WebSite\",\"@id\":\"https:\/\/www.claldy.com.uy\/es\/#website\",\"url\":\"https:\/\/www.claldy.com.uy\/es\/\",\"name\":\"Claldy\",\"description\":\"Compa\u00f1\u00eda L\u00e1ctea Agropecuaria Lecheros de Young S.A | Uruguay\",\"potentialAction\":[{\"@type\":\"SearchAction\",\"target\":{\"@type\":\"EntryPoint\",\"urlTemplate\":\"https:\/\/www.claldy.com.uy\/es\/?s={search_term_string}\"},\"query-input\":{\"@type\":\"PropertyValueSpecification\",\"valueRequired\":true,\"valueName\":\"search_term_string\"}}],\"inLanguage\":\"es\"}]}<\/script>\n<!-- \/ Yoast SEO plugin. -->","yoast_head_json":{"title":"[:es]Tapas para empanadas[:en]TAPAS TIPO CRIOLLAS[:] - Claldy","robots":{"index":"index","follow":"follow","max-snippet":"max-snippet:-1","max-image-preview":"max-image-preview:large","max-video-preview":"max-video-preview:-1"},"canonical":"https:\/\/www.claldy.com.uy\/es\/prod\/tapas-y-empanadas\/empanadas\/","og_locale":"es_ES","og_type":"article","og_title":"[:es]Tapas para empanadas[:en]TAPAS TIPO CRIOLLAS[:] - Claldy","og_description":"[vc_row][vc_column width=\u00bb1\/2&#8243;][vc_single_image image=\u00bb24005&#8243; img_link_large=\u00bb\u00bb img_link_target=\u00bb_self\u00bb img_size=\u00bbfull\u00bb][\/vc_column][vc_column width=\u00bb1\/2&#8243;][vc_custom_heading text=\u00bbTapas para empanadas\u00bb font_container=\u00bbtag:h2|font_size:40|text_align:left|color:%23006940&#8243; google_fonts=\u00bbfont_family:Roboto%20Condensed%3A300%2C300italic%2Cregular%2Citalic%2C700%2C700italic|font_style:400%20regular%3A400%3Anormal\u00bb][vc_column_text]Presentaci\u00f3n: 12 tapas de...","og_url":"https:\/\/www.claldy.com.uy\/es\/prod\/tapas-y-empanadas\/empanadas\/","og_site_name":"Claldy","article_modified_time":"2019-03-18T19:13:58+00:00","twitter_card":"summary_large_image","twitter_misc":{"Tiempo de lectura":"1 minuto"},"schema":{"@context":"https:\/\/schema.org","@graph":[{"@type":"WebPage","@id":"https:\/\/www.claldy.com.uy\/es\/prod\/tapas-y-empanadas\/empanadas\/","url":"https:\/\/www.claldy.com.uy\/es\/prod\/tapas-y-empanadas\/empanadas\/","name":"[:es]Tapas para empanadas[:en]TAPAS TIPO CRIOLLAS[:] - Claldy","isPartOf":{"@id":"https:\/\/www.claldy.com.uy\/es\/#website"},"datePublished":"2015-03-10T22:16:42+00:00","dateModified":"2019-03-18T19:13:58+00:00","breadcrumb":{"@id":"https:\/\/www.claldy.com.uy\/es\/prod\/tapas-y-empanadas\/empanadas\/#breadcrumb"},"inLanguage":"es","potentialAction":[{"@type":"ReadAction","target":["https:\/\/www.claldy.com.uy\/es\/prod\/tapas-y-empanadas\/empanadas\/"]}]},{"@type":"BreadcrumbList","@id":"https:\/\/www.claldy.com.uy\/es\/prod\/tapas-y-empanadas\/empanadas\/#breadcrumb","itemListElement":[{"@type":"ListItem","position":1,"name":"Portada","item":"https:\/\/www.claldy.com.uy\/"},{"@type":"ListItem","position":2,"name":"Products","item":"https:\/\/www.claldy.com.uy\/en\/prod\/"},{"@type":"ListItem","position":3,"name":"Tapas y empanadas","item":"https:\/\/www.claldy.com.uy\/es\/prod\/tapas-y-empanadas\/"},{"@type":"ListItem","position":4,"name":"Tapas para empanadas"}]},{"@type":"WebSite","@id":"https:\/\/www.claldy.com.uy\/es\/#website","url":"https:\/\/www.claldy.com.uy\/es\/","name":"Claldy","description":"Compa\u00f1\u00eda L\u00e1ctea Agropecuaria Lecheros de Young S.A | Uruguay","potentialAction":[{"@type":"SearchAction","target":{"@type":"EntryPoint","urlTemplate":"https:\/\/www.claldy.com.uy\/es\/?s={search_term_string}"},"query-input":{"@type":"PropertyValueSpecification","valueRequired":true,"valueName":"search_term_string"}}],"inLanguage":"es"}]}},"_links":{"self":[{"href":"https:\/\/www.claldy.com.uy\/es\/wp-json\/wp\/v2\/pages\/22950","targetHints":{"allow":["GET"]}}],"collection":[{"href":"https:\/\/www.claldy.com.uy\/es\/wp-json\/wp\/v2\/pages"}],"about":[{"href":"https:\/\/www.claldy.com.uy\/es\/wp-json\/wp\/v2\/types\/page"}],"author":[{"embeddable":true,"href":"https:\/\/www.claldy.com.uy\/es\/wp-json\/wp\/v2\/users\/1"}],"replies":[{"embeddable":true,"href":"https:\/\/www.claldy.com.uy\/es\/wp-json\/wp\/v2\/comments?post=22950"}],"version-history":[{"count":13,"href":"https:\/\/www.claldy.com.uy\/es\/wp-json\/wp\/v2\/pages\/22950\/revisions"}],"predecessor-version":[{"id":24021,"href":"https:\/\/www.claldy.com.uy\/es\/wp-json\/wp\/v2\/pages\/22950\/revisions\/24021"}],"up":[{"embeddable":true,"href":"https:\/\/www.claldy.com.uy\/es\/wp-json\/wp\/v2\/pages\/22405"}],"wp:attachment":[{"href":"https:\/\/www.claldy.com.uy\/es\/wp-json\/wp\/v2\/media?parent=22950"}],"curies":[{"name":"wp","href":"https:\/\/api.w.org\/{rel}","templated":true}]}}